{"id":34778,"date":"2025-08-11T15:30:08","date_gmt":"2025-08-11T13:30:08","guid":{"rendered":"https:\/\/old.be.bi.glpch2.dev\/?page_id=34778"},"modified":"2025-09-22T21:29:18","modified_gmt":"2025-09-22T19:29:18","slug":"association-2","status":"publish","type":"page","link":"https:\/\/old.be.bi.glpch2.dev\/fr\/vertliberaux-biel-bienne\/association-2\/","title":{"rendered":"Association Bienne"},"content":{"rendered":"\t\t<div data-elementor-type=\"wp-page\" data-elementor-id=\"34778\" class=\"elementor elementor-34778 elementor-34777\" data-elementor-post-type=\"page\">\n\t\t\t\t<div class=\"elementor-element elementor-element-394df4df e-con-full e-flex e-con e-parent\" data-id=\"394df4df\" data-element_type=\"container\" data-e-type=\"container\">\n\t\t<div class=\"elementor-element elementor-element-37226583 e-flex e-con-boxed e-con e-child\" data-id=\"37226583\" data-element_type=\"container\" data-e-type=\"container\">\n\t\t\t\t\t<div class=\"e-con-inner\">\n\t\t<div class=\"elementor-element elementor-element-519919d1 e-flex e-con-boxed e-con e-child\" data-id=\"519919d1\" data-element_type=\"container\" data-e-type=\"container\">\n\t\t\t\t\t<div class=\"e-con-inner\">\n\t\t\t\t<div class=\"elementor-element elementor-element-7e5dcc18 elementor-widget elementor-widget-jet-breadcrumbs\" data-id=\"7e5dcc18\" data-element_type=\"widget\" data-e-type=\"widget\" data-widget_type=\"jet-breadcrumbs.default\">\n\t\t\t\t<div class=\"elementor-widget-container\">\n\t\t\t\t\t<div class=\"elementor-jet-breadcrumbs jet-blocks\">\n\t\t<div class=\"jet-breadcrumbs\">\n\t\t<div class=\"jet-breadcrumbs__content\">\n\t\t<div class=\"jet-breadcrumbs__wrap\"><div class=\"jet-breadcrumbs__item\"><a href=\"https:\/\/old.be.bi.glpch2.dev\/fr\/\" class=\"jet-breadcrumbs__item-link is-home\" rel=\"home\" title=\"\">  <\/a><\/div>\n\t\t<\/div>\n\t\t<\/div>\n\t\t<\/div><\/div>\t\t\t\t<\/div>\n\t\t\t\t<\/div>\n\t\t\t\t\t<\/div>\n\t\t\t\t<\/div>\n\t\t<div class=\"elementor-element elementor-element-782ff587 e-con-full e-flex e-con e-child\" data-id=\"782ff587\" data-element_type=\"container\" data-e-type=\"container\">\n\t\t<div class=\"elementor-element elementor-element-2438a73d e-con-full e-flex e-con e-child\" data-id=\"2438a73d\" data-element_type=\"container\" data-e-type=\"container\">\n\t\t\t\t<div class=\"elementor-element elementor-element-6bc4b57f elementor-widget elementor-widget-heading\" data-id=\"6bc4b57f\" data-element_type=\"widget\" data-e-type=\"widget\" data-widget_type=\"heading.default\">\n\t\t\t\t<div class=\"elementor-widget-container\">\n\t\t\t\t\t<h2 class=\"elementor-heading-title elementor-size-default\">Association<\/h2>\t\t\t\t<\/div>\n\t\t\t\t<\/div>\n\t\t\t\t<\/div>\n\t\t<div class=\"elementor-element elementor-element-6cff942d e-con-full e-flex e-con e-child\" data-id=\"6cff942d\" data-element_type=\"container\" data-e-type=\"container\">\n\t\t\t\t<div class=\"elementor-element elementor-element-d67d878 elementor-widget elementor-widget-heading\" data-id=\"d67d878\" data-element_type=\"widget\" data-e-type=\"widget\" data-widget_type=\"heading.default\">\n\t\t\t\t<div class=\"elementor-widget-container\">\n\t\t\t\t\t<h1 class=\"elementor-heading-title elementor-size-default\">Association PVL Bienne<\/h1>\t\t\t\t<\/div>\n\t\t\t\t<\/div>\n\t\t\t\t<div class=\"elementor-element elementor-element-2b532012 elementor-widget elementor-widget-spacer\" data-id=\"2b532012\" data-element_type=\"widget\" data-e-type=\"widget\" data-widget_type=\"spacer.default\">\n\t\t\t\t<div class=\"elementor-widget-container\">\n\t\t\t\t\t\t\t<div class=\"elementor-spacer\">\n\t\t\t<div class=\"elementor-spacer-inner\"><\/div>\n\t\t<\/div>\n\t\t\t\t\t\t<\/div>\n\t\t\t\t<\/div>\n\t\t\t\t<div class=\"elementor-element elementor-element-69a9749a elementor-widget elementor-widget-text-editor\" data-id=\"69a9749a\" data-element_type=\"widget\" data-e-type=\"widget\" data-widget_type=\"text-editor.default\">\n\t\t\t\t<div class=\"elementor-widget-container\">\n\t\t\t\t\t\t\t\t\t<p data-end=\"484\" data-start=\"168\">Les Vert&rsquo;lib\u00e9raux de Bienne s&rsquo;engagent avec passion pour rendre Bienne durable \u2013 aujourd&rsquo;hui pour demain. Ils incarnent l&rsquo;esprit urbain du multilinguisme et de la communaut\u00e9 et s&rsquo;engagent en faveur de solutions tourn\u00e9es vers l&rsquo;avenir qui renforcent la qualit\u00e9 de vie dans la ville :<\/p>\n<ul>\n<li data-end=\"789\" data-start=\"486\">\n<p data-end=\"789\" data-start=\"488\"><strong data-end=\"518\" data-start=\"488\">Revalorisation durable de la ville<\/strong> : gr\u00e2ce \u00e0 de nombreux espaces verts, des surfaces d\u00e9simperm\u00e9abilis\u00e9es et des zones limit\u00e9es \u00e0 30 km\/h, ils cr\u00e9ent un climat urbain agr\u00e9able et des lieux de rencontre attrayants. Les b\u00e2timents existants, tels que l&rsquo;ancien h\u00f4pital ou les usines, sont r\u00e9utilis\u00e9s de mani\u00e8re \u00e9cologique et offrent de nouveaux espaces de vie.<\/p>\n<\/li>\n<li data-end=\"1067\" data-start=\"793\">\n<p data-end=\"1067\" data-start=\"795\"><strong data-end=\"813\" data-start=\"795\">Finances saines<\/strong> : le parti pr\u00f4ne une gestion responsable des ressources, notamment par le biais d&rsquo;un frein \u00e0 l&rsquo;endettement, du principe 1:1 (r\u00e9duction simultan\u00e9e des d\u00e9penses et augmentation des recettes) et de constructions moins co\u00fbteuses.<\/p>\n<\/li>\n<li data-end=\"1346\" data-start=\"1069\">\n<p data-end=\"1346\" data-start=\"1071\"><strong data-end=\"1087\" data-start=\"1071\">Bienne intelligente<\/strong> : dans le cadre de la transition \u00e9nerg\u00e9tique, le GLP Bienne s&rsquo;engage en faveur d&rsquo;une obligation d&rsquo;installer des panneaux solaires sur les b\u00e2timents municipaux, du d\u00e9veloppement d&rsquo;un r\u00e9seau \u00e9nerg\u00e9tique intelligent et de la simplification des proc\u00e9dures d&rsquo;autorisation pour les technologies renouvelables.<\/p>\n<\/li>\n<li data-end=\"1588\" data-start=\"1348\">\n<p data-end=\"1588\" data-start=\"1350\"><strong data-end=\"1385\" data-start=\"1350\">Responsabilit\u00e9 et autonomie<\/strong> : l&rsquo;implication de la population dans les projets, la promotion d&rsquo;initiatives locales et la mise en place de r\u00e9glementations innovantes renforcent l&rsquo;engagement social et la qualit\u00e9 de vie.<\/p>\n<\/li>\n<\/ul>\n\t\t\t\t\t\t\t\t<\/div>\n\t\t\t\t<\/div>\n\t\t\t\t<div class=\"elementor-element elementor-element-d34fa2c elementor-widget elementor-widget-spacer\" data-id=\"d34fa2c\" data-element_type=\"widget\" data-e-type=\"widget\" data-widget_type=\"spacer.default\">\n\t\t\t\t<div class=\"elementor-widget-container\">\n\t\t\t\t\t\t\t<div class=\"elementor-spacer\">\n\t\t\t<div class=\"elementor-spacer-inner\"><\/div>\n\t\t<\/div>\n\t\t\t\t\t\t<\/div>\n\t\t\t\t<\/div>\n\t\t\t\t<div class=\"elementor-element elementor-element-47c4f9a elementor-mobile-align-justify elementor-widget elementor-widget-button\" data-id=\"47c4f9a\" data-element_type=\"widget\" data-e-type=\"widget\" data-widget_type=\"button.default\">\n\t\t\t\t<div class=\"elementor-widget-container\">\n\t\t\t\t\t\t\t\t\t<div class=\"elementor-button-wrapper\">\n\t\t\t\t\t<a class=\"elementor-button elementor-button-link elementor-size-sm\" href=\"https:\/\/old.be.bi.glpch2.dev\/fr\/statuten_biel_20180502\/\">\n\t\t\t\t\t\t<span class=\"elementor-button-content-wrapper\">\n\t\t\t\t\t\t\t\t\t<span class=\"elementor-button-text\">\u2b07\ufe0f Statuts PVL Bienne<\/span>\n\t\t\t\t\t<\/span>\n\t\t\t\t\t<\/a>\n\t\t\t\t<\/div>\n\t\t\t\t\t\t\t\t<\/div>\n\t\t\t\t<\/div>\n\t\t\t\t<\/div>\n\t\t\t\t<\/div>\n\t\t\t\t\t<\/div>\n\t\t\t\t<\/div>\n\t\t\t\t<\/div>\n\t\t<div class=\"elementor-element elementor-element-0461c85 e-flex e-con-boxed e-con e-parent\" data-id=\"0461c85\" data-element_type=\"container\" data-e-type=\"container\">\n\t\t\t\t\t<div class=\"e-con-inner\">\n\t\t\t\t<div class=\"elementor-element elementor-element-49b37cf elementor-widget elementor-widget-menu-anchor\" data-id=\"49b37cf\" data-element_type=\"widget\" data-e-type=\"widget\" data-widget_type=\"menu-anchor.default\">\n\t\t\t\t<div class=\"elementor-widget-container\">\n\t\t\t\t\t\t\t<div class=\"elementor-menu-anchor\" id=\"contact\"><\/div>\n\t\t\t\t\t\t<\/div>\n\t\t\t\t<\/div>\n\t\t\t\t\t<\/div>\n\t\t\t\t<\/div>\n\t\t<div class=\"elementor-element elementor-element-79aea8f6 e-flex e-con-boxed e-con e-parent\" data-id=\"79aea8f6\" data-element_type=\"container\" data-e-type=\"container\" data-settings=\"{&quot;background_background&quot;:&quot;classic&quot;}\">\n\t\t\t\t\t<div class=\"e-con-inner\">\n\t\t<div class=\"elementor-element elementor-element-12e0690c e-flex e-con-boxed e-con e-child\" data-id=\"12e0690c\" data-element_type=\"container\" data-e-type=\"container\">\n\t\t\t\t\t<div class=\"e-con-inner\">\n\t\t\t\t<div class=\"elementor-element elementor-element-4a9e8be2 elementor-widget elementor-widget-heading\" data-id=\"4a9e8be2\" data-element_type=\"widget\" data-e-type=\"widget\" data-widget_type=\"heading.default\">\n\t\t\t\t<div class=\"elementor-widget-container\">\n\t\t\t\t\t<h1 class=\"elementor-heading-title elementor-size-default\">Prends contact avec nous<\/h1>\t\t\t\t<\/div>\n\t\t\t\t<\/div>\n\t\t\t\t<div class=\"elementor-element elementor-element-7496446b elementor-widget elementor-widget-spacer\" data-id=\"7496446b\" data-element_type=\"widget\" data-e-type=\"widget\" data-widget_type=\"spacer.default\">\n\t\t\t\t<div class=\"elementor-widget-container\">\n\t\t\t\t\t\t\t<div class=\"elementor-spacer\">\n\t\t\t<div class=\"elementor-spacer-inner\"><\/div>\n\t\t<\/div>\n\t\t\t\t\t\t<\/div>\n\t\t\t\t<\/div>\n\t\t\t\t<div class=\"elementor-element elementor-element-623d7fa5 elementor-widget__width-initial elementor-widget elementor-widget-text-editor\" data-id=\"623d7fa5\" data-element_type=\"widget\" data-e-type=\"widget\" data-widget_type=\"text-editor.default\">\n\t\t\t\t<div class=\"elementor-widget-container\">\n\t\t\t\t\t\t\t\t\t<p>Comit\u00e9 directeur<\/p>\n<ul>\n<li>Caroline Lehmann<\/li>\n<li>Marcel Suter<\/li>\n<\/ul>\n<p>Parti vert&rsquo;lib\u00e9ral de Bienne<\/p>\n<p>2500 Biel\/Bienne<\/p>\n<p>biel@grunliberale.ch<\/p>\n\t\t\t\t\t\t\t\t<\/div>\n\t\t\t\t<\/div>\n\t\t\t\t<div class=\"elementor-element elementor-element-b599f9e elementor-mobile-align-justify elementor-widget elementor-widget-button\" data-id=\"b599f9e\" data-element_type=\"widget\" data-e-type=\"widget\" data-widget_type=\"button.default\">\n\t\t\t\t<div class=\"elementor-widget-container\">\n\t\t\t\t\t\t\t\t\t<div class=\"elementor-button-wrapper\">\n\t\t\t\t\t<a class=\"elementor-button elementor-button-link elementor-size-sm\" href=\"mailto:biel@grunliberale.ch\" target=\"_blank\">\n\t\t\t\t\t\t<span class=\"elementor-button-content-wrapper\">\n\t\t\t\t\t\t\t\t\t<span class=\"elementor-button-text\">E-Mail<\/span>\n\t\t\t\t\t<\/span>\n\t\t\t\t\t<\/a>\n\t\t\t\t<\/div>\n\t\t\t\t\t\t\t\t<\/div>\n\t\t\t\t<\/div>\n\t\t\t\t\t<\/div>\n\t\t\t\t<\/div>\n\t\t<a class=\"elementor-element elementor-element-690e75b4 e-flex e-con-boxed e-con e-child\" data-id=\"690e75b4\" data-element_type=\"container\" data-e-type=\"container\" data-settings=\"{&quot;background_background&quot;:&quot;classic&quot;}\">\n\t\t\t\t\t<div class=\"e-con-inner\">\n\t\t\t\t<div class=\"elementor-element elementor-element-143898a3 elementor-widget elementor-widget-image\" data-id=\"143898a3\" data-element_type=\"widget\" data-e-type=\"widget\" data-widget_type=\"image.default\">\n\t\t\t\t<div class=\"elementor-widget-container\">\n\t\t\t\t\t\t\t\t\t\t\t\t\t\t\t<img fetchpriority=\"high\" decoding=\"async\" width=\"1080\" height=\"694\" src=\"https:\/\/old.be.bi.glpch2.dev\/wp-content\/uploads\/sites\/11\/2025\/08\/Cari_Marcel_for_Presidente.jpeg\" class=\"attachment-full size-full wp-image-34815\" alt=\"\" srcset=\"https:\/\/old.be.bi.glpch2.dev\/wp-content\/uploads\/sites\/11\/2025\/08\/Cari_Marcel_for_Presidente.jpeg 1080w, https:\/\/old.be.bi.glpch2.dev\/wp-content\/uploads\/sites\/11\/2025\/08\/Cari_Marcel_for_Presidente-300x193.jpeg 300w, https:\/\/old.be.bi.glpch2.dev\/wp-content\/uploads\/sites\/11\/2025\/08\/Cari_Marcel_for_Presidente-1024x658.jpeg 1024w, https:\/\/old.be.bi.glpch2.dev\/wp-content\/uploads\/sites\/11\/2025\/08\/Cari_Marcel_for_Presidente-768x494.jpeg 768w\" sizes=\"(max-width: 1080px) 100vw, 1080px\" \/>\t\t\t\t\t\t\t\t\t\t\t\t\t\t\t<\/div>\n\t\t\t\t<\/div>\n\t\t\t\t\t<\/div>\n\t\t\t\t<\/a>\n\t\t\t\t\t<\/div>\n\t\t\t\t<\/div>\n\t\t<div class=\"elementor-element elementor-element-059e421 e-flex e-con-boxed e-con e-parent\" data-id=\"059e421\" data-element_type=\"container\" data-e-type=\"container\">\n\t\t\t\t\t<div class=\"e-con-inner\">\n\t\t\t\t<div class=\"elementor-element elementor-element-7e2dad3 elementor-widget elementor-widget-menu-anchor\" data-id=\"7e2dad3\" data-element_type=\"widget\" data-e-type=\"widget\" data-widget_type=\"menu-anchor.default\">\n\t\t\t\t<div class=\"elementor-widget-container\">\n\t\t\t\t\t\t\t<div class=\"elementor-menu-anchor\" id=\"donation\"><\/div>\n\t\t\t\t\t\t<\/div>\n\t\t\t\t<\/div>\n\t\t\t\t\t<\/div>\n\t\t\t\t<\/div>\n\t\t<div class=\"elementor-element elementor-element-17ba653 e-flex e-con-boxed e-con e-parent\" data-id=\"17ba653\" data-element_type=\"container\" data-e-type=\"container\">\n\t\t\t\t\t<div class=\"e-con-inner\">\n\t\t\t\t<div class=\"elementor-element elementor-element-0082deb elementor-widget elementor-widget-heading\" data-id=\"0082deb\" data-element_type=\"widget\" data-e-type=\"widget\" data-widget_type=\"heading.default\">\n\t\t\t\t<div class=\"elementor-widget-container\">\n\t\t\t\t\t<h2 class=\"elementor-heading-title elementor-size-default\">Soutenez-nous avec votre don<\/h2>\t\t\t\t<\/div>\n\t\t\t\t<\/div>\n\t\t\t\t\t<\/div>\n\t\t\t\t<\/div>\n\t\t<div class=\"elementor-element elementor-element-5aa46896 e-flex e-con-boxed e-con e-parent\" data-id=\"5aa46896\" data-element_type=\"container\" data-e-type=\"container\">\n\t\t\t\t\t<div class=\"e-con-inner\">\n\t\t<div class=\"elementor-element elementor-element-347e3788 e-con-full e-flex e-con e-child\" data-id=\"347e3788\" data-element_type=\"container\" data-e-type=\"container\">\n\t\t\t\t<div class=\"elementor-element elementor-element-5522d116 elementor-widget__width-initial elementor-widget elementor-widget-image\" data-id=\"5522d116\" data-element_type=\"widget\" data-e-type=\"widget\" data-widget_type=\"image.default\">\n\t\t\t\t<div class=\"elementor-widget-container\">\n\t\t\t\t\t\t\t\t\t\t\t\t\t\t\t<img decoding=\"async\" width=\"2000\" height=\"1333\" data-src=\"https:\/\/old.be.bi.glpch2.dev\/wp-content\/uploads\/sites\/11\/2024\/09\/Spenden-1.webp\" class=\"attachment-full size-full wp-image-20016 lazyload\" alt=\"\" data-srcset=\"https:\/\/old.be.bi.glpch2.dev\/wp-content\/uploads\/sites\/11\/2024\/09\/Spenden-1.webp 2000w, https:\/\/old.be.bi.glpch2.dev\/wp-content\/uploads\/sites\/11\/2024\/09\/Spenden-1-300x200.webp 300w, https:\/\/old.be.bi.glpch2.dev\/wp-content\/uploads\/sites\/11\/2024\/09\/Spenden-1-1024x682.webp 1024w, https:\/\/old.be.bi.glpch2.dev\/wp-content\/uploads\/sites\/11\/2024\/09\/Spenden-1-768x512.webp 768w, https:\/\/old.be.bi.glpch2.dev\/wp-content\/uploads\/sites\/11\/2024\/09\/Spenden-1-1536x1024.webp 1536w\" data-sizes=\"(max-width: 2000px) 100vw, 2000px\" src=\"data:image\/svg+xml;base64,PHN2ZyB3aWR0aD0iMSIgaGVpZ2h0PSIxIiB4bWxucz0iaHR0cDovL3d3dy53My5vcmcvMjAwMC9zdmciPjwvc3ZnPg==\" style=\"--smush-placeholder-width: 2000px; --smush-placeholder-aspect-ratio: 2000\/1333;\" \/>\t\t\t\t\t\t\t\t\t\t\t\t\t\t\t<\/div>\n\t\t\t\t<\/div>\n\t\t\t\t<\/div>\n\t\t<div class=\"elementor-element elementor-element-676073b2 e-con-full e-flex e-con e-child\" data-id=\"676073b2\" data-element_type=\"container\" data-e-type=\"container\">\n\t\t\t\t<div class=\"elementor-element elementor-element-5583e68b elementor-widget__width-initial elementor-widget elementor-widget-text-editor\" data-id=\"5583e68b\" data-element_type=\"widget\" data-e-type=\"widget\" data-widget_type=\"text-editor.default\">\n\t\t\t\t<div class=\"elementor-widget-container\">\n\t\t\t\t\t\t\t\t\t<div data-id=\"299a6822\" data-element_type=\"widget\" data-widget_type=\"text-editor.default\">\n<p class=\"elementor-heading-title elementor-size-default\">Ensemble pour une ville verte, innovante et agr\u00e9able \u00e0 vivre<\/p>\n<div class=\"elementor-element elementor-element-459575a3 elementor-widget elementor-widget-heading\" data-widget_type=\"heading.default\" data-element_type=\"widget\" data-id=\"459575a3\"><em><strong>Chaque contribution compte, quel que soit son montant. Merci beaucoup de t&rsquo;engager avec nous pour une ville durable et agr\u00e9able \u00e0 vivre!<\/strong><\/em><\/div>\n<p><\/p>\n<div class=\"elementor-element elementor-element-297143f7 elementor-widget elementor-widget-text-editor\" data-widget_type=\"text-editor.default\" data-element_type=\"widget\" data-id=\"297143f7\">\n<div class=\"elementor-widget-container\">\n<div class=\"teaser-text\">\n<p>Parti vert&rsquo;lib\u00e9ral Biel\/Bienne<br \/>\n2500 Biel\/Bienne<\/p>\n<p><strong>IBAN : CH87 0900 0000 6022 4888 2<\/strong><\/p>\n<p>MERCI <strong>BEAUCOUP<\/strong> pour ton soutien !<\/p>\n<p class=\"text\">\n<p>Afin de pouvoir t&rsquo;envoyer un remerciement et une attestation de don \u00e0 des fins fiscales, nous te prions d&rsquo;indiquer ton adresse postale lors du versement. Si tu souhaites faire un don pour une campagne sp\u00e9cifique, merci de l&rsquo;indiquer lors de ton versement.<\/p>\n<\/div>\n<p><\/div>\n<p><\/div>\n<p><\/div>\n\t\t\t\t\t\t\t\t<\/div>\n\t\t\t\t<\/div>\n\t\t\t\t<div class=\"elementor-element elementor-element-398c2cd elementor-widget elementor-widget-spacer\" data-id=\"398c2cd\" data-element_type=\"widget\" data-e-type=\"widget\" data-widget_type=\"spacer.default\">\n\t\t\t\t<div class=\"elementor-widget-container\">\n\t\t\t\t\t\t\t<div class=\"elementor-spacer\">\n\t\t\t<div class=\"elementor-spacer-inner\"><\/div>\n\t\t<\/div>\n\t\t\t\t\t\t<\/div>\n\t\t\t\t<\/div>\n\t\t\t\t<div class=\"elementor-element elementor-element-3171bad6 elementor-mobile-align-justify elementor-widget elementor-widget-button\" data-id=\"3171bad6\" data-element_type=\"widget\" data-e-type=\"widget\" data-widget_type=\"button.default\">\n\t\t\t\t<div class=\"elementor-widget-container\">\n\t\t\t\t\t\t\t\t\t<div class=\"elementor-button-wrapper\">\n\t\t\t\t\t<a class=\"elementor-button elementor-button-link elementor-size-sm\" href=\"mailto:biel@grunliberale.ch?subject=Spende%20@GLP%20Biel\/Bienne\" target=\"_blank\">\n\t\t\t\t\t\t<span class=\"elementor-button-content-wrapper\">\n\t\t\t\t\t\t\t\t\t<span class=\"elementor-button-text\">@ Contact<\/span>\n\t\t\t\t\t<\/span>\n\t\t\t\t\t<\/a>\n\t\t\t\t<\/div>\n\t\t\t\t\t\t\t\t<\/div>\n\t\t\t\t<\/div>\n\t\t\t\t<\/div>\n\t\t\t\t\t<\/div>\n\t\t\t\t<\/div>\n\t\t\t\t<\/div>\n\t\t","protected":false},"excerpt":{"rendered":"<p>Association Association PVL Bienne Les Vert&rsquo;lib\u00e9raux de Bienne s&rsquo;engagent avec passion pour rendre Bienne durable \u2013 aujourd&rsquo;hui pour demain. Ils incarnent l&rsquo;esprit urbain du multilinguisme et de la communaut\u00e9 et s&rsquo;engagent en faveur de solutions tourn\u00e9es vers l&rsquo;avenir qui renforcent la qualit\u00e9 de vie dans la ville : Revalorisation durable de la ville : gr\u00e2ce [&hellip;]<\/p>\n","protected":false},"author":35,"featured_media":0,"parent":32577,"menu_order":0,"comment_status":"closed","ping_status":"closed","template":"","meta":{"footnotes":""},"class_list":["post-34778","page","type-page","status-publish","hentry"],"_links":{"self":[{"href":"https:\/\/old.be.bi.glpch2.dev\/fr\/wp-json\/wp\/v2\/pages\/34778","targetHints":{"allow":["GET"]}}],"collection":[{"href":"https:\/\/old.be.bi.glpch2.dev\/fr\/wp-json\/wp\/v2\/pages"}],"about":[{"href":"https:\/\/old.be.bi.glpch2.dev\/fr\/wp-json\/wp\/v2\/types\/page"}],"author":[{"embeddable":true,"href":"https:\/\/old.be.bi.glpch2.dev\/fr\/wp-json\/wp\/v2\/users\/35"}],"replies":[{"embeddable":true,"href":"https:\/\/old.be.bi.glpch2.dev\/fr\/wp-json\/wp\/v2\/comments?post=34778"}],"version-history":[{"count":0,"href":"https:\/\/old.be.bi.glpch2.dev\/fr\/wp-json\/wp\/v2\/pages\/34778\/revisions"}],"up":[{"embeddable":true,"href":"https:\/\/old.be.bi.glpch2.dev\/fr\/wp-json\/wp\/v2\/pages\/32577"}],"wp:attachment":[{"href":"https:\/\/old.be.bi.glpch2.dev\/fr\/wp-json\/wp\/v2\/media?parent=34778"}],"curies":[{"name":"wp","href":"https:\/\/api.w.org\/{rel}","templated":true}]}}