{"id":29037,"date":"2025-05-02T11:08:35","date_gmt":"2025-05-02T09:08:35","guid":{"rendered":"https:\/\/old.be.bi.glpch2.dev\/?page_id=29037"},"modified":"2025-05-02T11:08:35","modified_gmt":"2025-05-02T09:08:35","slug":"votations-2","status":"publish","type":"page","link":"https:\/\/old.be.bi.glpch2.dev\/fr\/actualites\/votations-2\/","title":{"rendered":"Votations"},"content":{"rendered":"\t\t<div data-elementor-type=\"wp-page\" data-elementor-id=\"29037\" class=\"elementor elementor-29037 elementor-29036\" data-elementor-post-type=\"page\">\n\t\t\t\t<div class=\"elementor-element elementor-element-21165824 e-con-full e-flex e-con e-parent\" data-id=\"21165824\" data-element_type=\"container\" data-e-type=\"container\">\n\t\t<div class=\"elementor-element elementor-element-789f1fa e-con-full e-flex e-con e-child\" data-id=\"789f1fa\" data-element_type=\"container\" data-e-type=\"container\" data-settings=\"{&quot;background_background&quot;:&quot;classic&quot;}\">\n\t\t\t\t<\/div>\n\t\t<div class=\"elementor-element elementor-element-3a658fa7 e-flex e-con-boxed e-con e-child\" data-id=\"3a658fa7\" data-element_type=\"container\" data-e-type=\"container\">\n\t\t\t\t\t<div class=\"e-con-inner\">\n\t\t<div class=\"elementor-element elementor-element-496210fb e-flex e-con-boxed e-con e-child\" data-id=\"496210fb\" data-element_type=\"container\" data-e-type=\"container\">\n\t\t\t\t\t<div class=\"e-con-inner\">\n\t\t\t\t<div class=\"elementor-element elementor-element-05813ed elementor-widget elementor-widget-jet-breadcrumbs\" data-id=\"05813ed\" data-element_type=\"widget\" data-e-type=\"widget\" data-widget_type=\"jet-breadcrumbs.default\">\n\t\t\t\t<div class=\"elementor-widget-container\">\n\t\t\t\t\t<div class=\"elementor-jet-breadcrumbs jet-blocks\">\n\t\t<div class=\"jet-breadcrumbs\">\n\t\t<div class=\"jet-breadcrumbs__content\">\n\t\t<div class=\"jet-breadcrumbs__wrap\"><div class=\"jet-breadcrumbs__item\"><a href=\"https:\/\/old.be.bi.glpch2.dev\/fr\/\" class=\"jet-breadcrumbs__item-link is-home\" rel=\"home\" title=\"Accueil\">Accueil<\/a><\/div>\n\t\t<\/div>\n\t\t<\/div>\n\t\t<\/div><\/div>\t\t\t\t<\/div>\n\t\t\t\t<\/div>\n\t\t\t\t\t<\/div>\n\t\t\t\t<\/div>\n\t\t<div class=\"elementor-element elementor-element-9174190 e-con-full e-flex e-con e-child\" data-id=\"9174190\" data-element_type=\"container\" data-e-type=\"container\">\n\t\t<div class=\"elementor-element elementor-element-692572bf e-con-full e-flex e-con e-child\" data-id=\"692572bf\" data-element_type=\"container\" data-e-type=\"container\">\n\t\t\t\t<div class=\"elementor-element elementor-element-44392462 elementor-widget elementor-widget-heading\" data-id=\"44392462\" data-element_type=\"widget\" data-e-type=\"widget\" data-widget_type=\"heading.default\">\n\t\t\t\t<div class=\"elementor-widget-container\">\n\t\t\t\t\t<h2 class=\"elementor-heading-title elementor-size-default\">Actualit\u00e9s<\/h2>\t\t\t\t<\/div>\n\t\t\t\t<\/div>\n\t\t\t\t<\/div>\n\t\t<div class=\"elementor-element elementor-element-292e4981 e-con-full e-flex e-con e-child\" data-id=\"292e4981\" data-element_type=\"container\" data-e-type=\"container\">\n\t\t\t\t<div class=\"elementor-element elementor-element-60aefebb elementor-widget elementor-widget-heading\" data-id=\"60aefebb\" data-element_type=\"widget\" data-e-type=\"widget\" data-widget_type=\"heading.default\">\n\t\t\t\t<div class=\"elementor-widget-container\">\n\t\t\t\t\t<h1 class=\"elementor-heading-title elementor-size-default\">Votations f\u00e9d\u00e9rales<\/h1>\t\t\t\t<\/div>\n\t\t\t\t<\/div>\n\t\t\t\t<div class=\"elementor-element elementor-element-7866d2aa elementor-hidden-mobile elementor-widget elementor-widget-heading\" data-id=\"7866d2aa\" data-element_type=\"widget\" data-e-type=\"widget\" data-widget_type=\"heading.default\">\n\t\t\t\t<div class=\"elementor-widget-container\">\n\t\t\t\t\t<h2 class=\"elementor-heading-title elementor-size-default\">Ensemble pour une Suisse durable et tourn\u00e9e vers l'avenir.<\/h2>\t\t\t\t<\/div>\n\t\t\t\t<\/div>\n\t\t\t\t<\/div>\n\t\t\t\t<\/div>\n\t\t\t\t\t<\/div>\n\t\t\t\t<\/div>\n\t\t\t\t<\/div>\n\t\t<div class=\"elementor-element elementor-element-af61cd2 e-flex e-con-boxed e-con e-parent\" data-id=\"af61cd2\" data-element_type=\"container\" data-e-type=\"container\">\n\t\t\t\t\t<div class=\"e-con-inner\">\n\t\t<div class=\"elementor-element elementor-element-26dfb009 e-con-full e-flex e-con e-child\" data-id=\"26dfb009\" data-element_type=\"container\" data-e-type=\"container\" data-settings=\"{&quot;background_background&quot;:&quot;classic&quot;}\">\n\t\t<div class=\"elementor-element elementor-element-65a77c93 e-con-full e-flex e-con e-child\" data-id=\"65a77c93\" data-element_type=\"container\" data-e-type=\"container\">\n\t\t\t\t<div class=\"elementor-element elementor-element-6804a833 elementor-widget elementor-widget-heading\" data-id=\"6804a833\" data-element_type=\"widget\" data-e-type=\"widget\" data-widget_type=\"heading.default\">\n\t\t\t\t<div class=\"elementor-widget-container\">\n\t\t\t\t\t<h2 class=\"elementor-heading-title elementor-size-default\">Familienzeit-Initiative<\/h2>\t\t\t\t<\/div>\n\t\t\t\t<\/div>\n\t\t\t\t<div class=\"elementor-element elementor-element-590c4418 elementor-widget elementor-widget-text-editor\" data-id=\"590c4418\" data-element_type=\"widget\" data-e-type=\"widget\" data-widget_type=\"text-editor.default\">\n\t\t\t\t<div class=\"elementor-widget-container\">\n\t\t\t\t\t\t\t\t\t<p>F\u00fcr mehr Gleichstellung, gegen den Arbeitskr\u00e4ftemangel und f\u00fcr den Generationenzusammenhalt: Die GLP lanciert zusammen mit Wirtschaft, Parteien und Verb\u00e4nden die Initiative f\u00fcr parit\u00e4tische Familienzeit.<\/p>\n\t\t\t\t\t\t\t\t<\/div>\n\t\t\t\t<\/div>\n\t\t\t\t<div class=\"elementor-element elementor-element-24d19e78 elementor-widget elementor-widget-spacer\" data-id=\"24d19e78\" data-element_type=\"widget\" data-e-type=\"widget\" data-widget_type=\"spacer.default\">\n\t\t\t\t<div class=\"elementor-widget-container\">\n\t\t\t\t\t\t\t<div class=\"elementor-spacer\">\n\t\t\t<div class=\"elementor-spacer-inner\"><\/div>\n\t\t<\/div>\n\t\t\t\t\t\t<\/div>\n\t\t\t\t<\/div>\n\t\t\t\t<div class=\"elementor-element elementor-element-4d58b40a elementor-mobile-align-justify elementor-widget elementor-widget-button\" data-id=\"4d58b40a\" data-element_type=\"widget\" data-e-type=\"widget\" data-widget_type=\"button.default\">\n\t\t\t\t<div class=\"elementor-widget-container\">\n\t\t\t\t\t\t\t\t\t<div class=\"elementor-button-wrapper\">\n\t\t\t\t\t<a class=\"elementor-button elementor-button-link elementor-size-sm\" href=\"https:\/\/grunliberale.ch\/initiativen-referenden-appelle\/familienzeit-initiative\/\" target=\"_blank\">\n\t\t\t\t\t\t<span class=\"elementor-button-content-wrapper\">\n\t\t\t\t\t\t\t\t\t<span class=\"elementor-button-text\">Mehr erfahren<\/span>\n\t\t\t\t\t<\/span>\n\t\t\t\t\t<\/a>\n\t\t\t\t<\/div>\n\t\t\t\t\t\t\t\t<\/div>\n\t\t\t\t<\/div>\n\t\t\t\t<\/div>\n\t\t<div class=\"elementor-element elementor-element-4c709515 e-con-full e-flex e-con e-child\" data-id=\"4c709515\" data-element_type=\"container\" data-e-type=\"container\">\n\t\t\t\t<div class=\"elementor-element elementor-element-494ec345 elementor-widget elementor-widget-image\" data-id=\"494ec345\" data-element_type=\"widget\" data-e-type=\"widget\" data-widget_type=\"image.default\">\n\t\t\t\t<div class=\"elementor-widget-container\">\n\t\t\t\t\t\t\t\t\t\t\t\t\t\t\t<img fetchpriority=\"high\" decoding=\"async\" width=\"2000\" height=\"1333\" src=\"https:\/\/old.be.bi.glpch2.dev\/wp-content\/uploads\/sites\/11\/2024\/09\/Moderne-Gesellschaft-3.webp\" class=\"attachment-full size-full wp-image-19991\" alt=\"Symbolbild f\u00fcr moderne Gescelschaft: Menschen an Stadtfest\" srcset=\"https:\/\/old.be.bi.glpch2.dev\/wp-content\/uploads\/sites\/11\/2024\/09\/Moderne-Gesellschaft-3.webp 2000w, https:\/\/old.be.bi.glpch2.dev\/wp-content\/uploads\/sites\/11\/2024\/09\/Moderne-Gesellschaft-3-300x200.webp 300w, https:\/\/old.be.bi.glpch2.dev\/wp-content\/uploads\/sites\/11\/2024\/09\/Moderne-Gesellschaft-3-1024x682.webp 1024w, https:\/\/old.be.bi.glpch2.dev\/wp-content\/uploads\/sites\/11\/2024\/09\/Moderne-Gesellschaft-3-768x512.webp 768w, https:\/\/old.be.bi.glpch2.dev\/wp-content\/uploads\/sites\/11\/2024\/09\/Moderne-Gesellschaft-3-1536x1024.webp 1536w\" sizes=\"(max-width: 2000px) 100vw, 2000px\" \/>\t\t\t\t\t\t\t\t\t\t\t\t\t\t\t<\/div>\n\t\t\t\t<\/div>\n\t\t\t\t<\/div>\n\t\t\t\t<\/div>\n\t\t\t\t\t<\/div>\n\t\t\t\t<\/div>\n\t\t\t\t<\/div>\n\t\t","protected":false},"excerpt":{"rendered":"<p>Startseite Actualit\u00e9s Votations f\u00e9d\u00e9rales Ensemble pour une Suisse durable et tourn\u00e9e vers l&rsquo;avenir. Familienzeit-Initiative F\u00fcr mehr Gleichstellung, gegen den Arbeitskr\u00e4ftemangel und f\u00fcr den Generationenzusammenhalt: Die GLP lanciert zusammen mit Wirtschaft, Parteien und Verb\u00e4nden die Initiative f\u00fcr parit\u00e4tische Familienzeit. Mehr erfahren<\/p>\n","protected":false},"author":15,"featured_media":0,"parent":29079,"menu_order":0,"comment_status":"closed","ping_status":"closed","template":"","meta":{"footnotes":""},"class_list":["post-29037","page","type-page","status-publish","hentry"],"_links":{"self":[{"href":"https:\/\/old.be.bi.glpch2.dev\/fr\/wp-json\/wp\/v2\/pages\/29037","targetHints":{"allow":["GET"]}}],"collection":[{"href":"https:\/\/old.be.bi.glpch2.dev\/fr\/wp-json\/wp\/v2\/pages"}],"about":[{"href":"https:\/\/old.be.bi.glpch2.dev\/fr\/wp-json\/wp\/v2\/types\/page"}],"author":[{"embeddable":true,"href":"https:\/\/old.be.bi.glpch2.dev\/fr\/wp-json\/wp\/v2\/users\/15"}],"replies":[{"embeddable":true,"href":"https:\/\/old.be.bi.glpch2.dev\/fr\/wp-json\/wp\/v2\/comments?post=29037"}],"version-history":[{"count":0,"href":"https:\/\/old.be.bi.glpch2.dev\/fr\/wp-json\/wp\/v2\/pages\/29037\/revisions"}],"up":[{"embeddable":true,"href":"https:\/\/old.be.bi.glpch2.dev\/fr\/wp-json\/wp\/v2\/pages\/29079"}],"wp:attachment":[{"href":"https:\/\/old.be.bi.glpch2.dev\/fr\/wp-json\/wp\/v2\/media?parent=29037"}],"curies":[{"name":"wp","href":"https:\/\/api.w.org\/{rel}","templated":true}]}}