{"id":25156,"date":"2025-03-17T09:24:44","date_gmt":"2025-03-17T08:24:44","guid":{"rendered":"https:\/\/old.be.bi.glpch2.dev\/?page_id=25156"},"modified":"2025-04-22T11:51:28","modified_gmt":"2025-04-22T09:51:28","slug":"politique-de-securite-et-de-neutralite","status":"publish","type":"page","link":"https:\/\/old.be.bi.glpch2.dev\/fr\/politique\/themes\/politique-de-securite-et-de-neutralite\/","title":{"rendered":"Politique de s\u00e9curit\u00e9 et de neutralit\u00e9"},"content":{"rendered":"\t\t<div data-elementor-type=\"wp-page\" data-elementor-id=\"25156\" class=\"elementor elementor-25156 elementor-25155\" data-elementor-post-type=\"page\">\n\t\t\t\t<div class=\"elementor-element elementor-element-196683a2 e-con-full e-flex e-con e-parent\" data-id=\"196683a2\" data-element_type=\"container\" data-e-type=\"container\">\n\t\t<div class=\"elementor-element elementor-element-6f993978 e-con-full e-flex e-con e-child\" data-id=\"6f993978\" data-element_type=\"container\" data-e-type=\"container\" data-settings=\"{&quot;background_background&quot;:&quot;classic&quot;}\">\n\t\t\t\t<\/div>\n\t\t<div class=\"elementor-element elementor-element-6a7d1e9b e-flex e-con-boxed e-con e-child\" data-id=\"6a7d1e9b\" data-element_type=\"container\" data-e-type=\"container\">\n\t\t\t\t\t<div class=\"e-con-inner\">\n\t\t<div class=\"elementor-element elementor-element-192d2081 e-flex e-con-boxed e-con e-child\" data-id=\"192d2081\" data-element_type=\"container\" data-e-type=\"container\">\n\t\t\t\t\t<div class=\"e-con-inner\">\n\t\t\t\t<div class=\"elementor-element elementor-element-29ec204b elementor-widget elementor-widget-jet-breadcrumbs\" data-id=\"29ec204b\" data-element_type=\"widget\" data-e-type=\"widget\" data-widget_type=\"jet-breadcrumbs.default\">\n\t\t\t\t<div class=\"elementor-widget-container\">\n\t\t\t\t\t<div class=\"elementor-jet-breadcrumbs jet-blocks\">\n\t\t<div class=\"jet-breadcrumbs\">\n\t\t<div class=\"jet-breadcrumbs__content\">\n\t\t<div class=\"jet-breadcrumbs__wrap\"><div class=\"jet-breadcrumbs__item\"><a href=\"https:\/\/old.be.bi.glpch2.dev\/fr\/\" class=\"jet-breadcrumbs__item-link is-home\" rel=\"home\" title=\"\">  <\/a><\/div>\n\t\t<\/div>\n\t\t<\/div>\n\t\t<\/div><\/div>\t\t\t\t<\/div>\n\t\t\t\t<\/div>\n\t\t\t\t\t<\/div>\n\t\t\t\t<\/div>\n\t\t<div class=\"elementor-element elementor-element-203ec1ca e-con-full e-flex e-con e-child\" data-id=\"203ec1ca\" data-element_type=\"container\" data-e-type=\"container\">\n\t\t<div class=\"elementor-element elementor-element-3b8c85f6 e-con-full e-flex e-con e-child\" data-id=\"3b8c85f6\" data-element_type=\"container\" data-e-type=\"container\">\n\t\t\t\t<div class=\"elementor-element elementor-element-4b61d21f elementor-widget elementor-widget-heading\" data-id=\"4b61d21f\" data-element_type=\"widget\" data-e-type=\"widget\" data-widget_type=\"heading.default\">\n\t\t\t\t<div class=\"elementor-widget-container\">\n\t\t\t\t\t<h2 class=\"elementor-heading-title elementor-size-default\">Politique<\/h2>\t\t\t\t<\/div>\n\t\t\t\t<\/div>\n\t\t\t\t<\/div>\n\t\t<div class=\"elementor-element elementor-element-57ee2305 e-con-full e-flex e-con e-child\" data-id=\"57ee2305\" data-element_type=\"container\" data-e-type=\"container\">\n\t\t\t\t<div class=\"elementor-element elementor-element-16bffa5a elementor-widget elementor-widget-heading\" data-id=\"16bffa5a\" data-element_type=\"widget\" data-e-type=\"widget\" data-widget_type=\"heading.default\">\n\t\t\t\t<div class=\"elementor-widget-container\">\n\t\t\t\t\t<h1 class=\"elementor-heading-title elementor-size-default\">Politique de s\u00e9curit\u00e9 et de neutralit\u00e9<\/h1>\t\t\t\t<\/div>\n\t\t\t\t<\/div>\n\t\t\t\t<div class=\"elementor-element elementor-element-344f9f80 elementor-hidden-mobile elementor-widget elementor-widget-heading\" data-id=\"344f9f80\" data-element_type=\"widget\" data-e-type=\"widget\" data-widget_type=\"heading.default\">\n\t\t\t\t<div class=\"elementor-widget-container\">\n\t\t\t\t\t<h2 class=\"elementor-heading-title elementor-size-default\">Garantir les droits fondamentaux et la s\u00e9curit\u00e9<\/h2>\t\t\t\t<\/div>\n\t\t\t\t<\/div>\n\t\t\t\t<div class=\"elementor-element elementor-element-46b01c0a elementor-widget elementor-widget-spacer\" data-id=\"46b01c0a\" data-element_type=\"widget\" data-e-type=\"widget\" data-widget_type=\"spacer.default\">\n\t\t\t\t<div class=\"elementor-widget-container\">\n\t\t\t\t\t\t\t<div class=\"elementor-spacer\">\n\t\t\t<div class=\"elementor-spacer-inner\"><\/div>\n\t\t<\/div>\n\t\t\t\t\t\t<\/div>\n\t\t\t\t<\/div>\n\t\t\t\t<div class=\"elementor-element elementor-element-2ffd7c98 elementor-widget elementor-widget-text-editor\" data-id=\"2ffd7c98\" data-element_type=\"widget\" data-e-type=\"widget\" data-widget_type=\"text-editor.default\">\n\t\t\t\t<div class=\"elementor-widget-container\">\n\t\t\t\t\t\t\t\t\t<div class=\"intro composed\">\n<div class=\"lead\">\n<div class=\"intro composed\">\n<div class=\"lead\">\n<div class=\"intro composed\">\n<div class=\"lead\">La libert\u00e9 individuelle et l&rsquo;int\u00e9grit\u00e9 de chaque personne et des biens sont des valeurs fondamentales de notre soci\u00e9t\u00e9. L&rsquo;\u00c9tat a la t\u00e2che de pr\u00e9server les droits fondamentaux et notre s\u00e9curit\u00e9.<\/div>\n<\/div>\n<div class=\"main\">\n<div class=\"text component\">\n<div class=\"text\"><\/div>\n<\/div>\n<\/div>\n<\/div>\n<\/div>\n<\/div>\n<\/div>\n\t\t\t\t\t\t\t\t<\/div>\n\t\t\t\t<\/div>\n\t\t\t\t<\/div>\n\t\t\t\t<\/div>\n\t\t\t\t\t<\/div>\n\t\t\t\t<\/div>\n\t\t\t\t<\/div>\n\t\t<div class=\"elementor-element elementor-element-2636cd49 e-flex e-con-boxed e-con e-parent\" data-id=\"2636cd49\" data-element_type=\"container\" data-e-type=\"container\">\n\t\t\t\t\t<div class=\"e-con-inner\">\n\t\t<div class=\"elementor-element elementor-element-63264995 e-con-full e-flex e-con e-child\" data-id=\"63264995\" data-element_type=\"container\" data-e-type=\"container\">\n\t\t<div class=\"elementor-element elementor-element-40a4c2ad e-con-full elementor-hidden-tablet elementor-hidden-mobile e-flex e-con e-child\" data-id=\"40a4c2ad\" data-element_type=\"container\" data-e-type=\"container\">\n\t\t\t\t<\/div>\n\t\t<div class=\"elementor-element elementor-element-57cea8fb e-con-full e-flex e-con e-child\" data-id=\"57cea8fb\" data-element_type=\"container\" data-e-type=\"container\">\n\t\t\t\t<div class=\"elementor-element elementor-element-31554fa2 elementor-widget__width-inherit elementor-widget elementor-widget-heading\" data-id=\"31554fa2\" data-element_type=\"widget\" data-e-type=\"widget\" data-widget_type=\"heading.default\">\n\t\t\t\t<div class=\"elementor-widget-container\">\n\t\t\t\t\t<h2 class=\"elementor-heading-title elementor-size-default\">S\u00e9curit\u00e9 int\u00e9rieure<\/h2>\t\t\t\t<\/div>\n\t\t\t\t<\/div>\n\t\t\t\t<div class=\"elementor-element elementor-element-5fb2d3e2 elementor-widget elementor-widget-text-editor\" data-id=\"5fb2d3e2\" data-element_type=\"widget\" data-e-type=\"widget\" data-widget_type=\"text-editor.default\">\n\t\t\t\t<div class=\"elementor-widget-container\">\n\t\t\t\t\t\t\t\t\t<p>Les droits fondamentaux tels que la libert\u00e9 individuelle, l\u2019int\u00e9grit\u00e9 physique et la propri\u00e9t\u00e9 sont des valeurs \u00e0 prot\u00e9ger. Dans les cas o\u00f9 la responsabilit\u00e9 individuelle et l\u2019honn\u00eatet\u00e9 sont mises en \u00e9chec, il appartient \u00e0 l\u2019Etat de d\u00e9fendre les droits fondamentaux et de s\u2019employer activement \u00e0 punir les d\u00e9lits. Nous devons cependant \u00eatre conscients que la s\u00e9curit\u00e9 absolue est impossible \u00e0 assurer dans une soci\u00e9t\u00e9 libre. Les mesures de protection mises en place par l\u2019Etat n\u00e9cessitent une l\u00e9gitimation par des bases l\u00e9gales et un contr\u00f4le politique efficace. Les personnes qui respectent nos lois m\u00e9ritent notre confiance et leur sph\u00e8re priv\u00e9e doit \u00eatre garantie.<\/p>\n\t\t\t\t\t\t\t\t<\/div>\n\t\t\t\t<\/div>\n\t\t\t\t<\/div>\n\t\t\t\t<\/div>\n\t\t\t\t\t<\/div>\n\t\t\t\t<\/div>\n\t\t<div class=\"elementor-element elementor-element-127a2d0 e-flex e-con-boxed e-con e-parent\" data-id=\"127a2d0\" data-element_type=\"container\" data-e-type=\"container\">\n\t\t\t\t\t<div class=\"e-con-inner\">\n\t\t<div class=\"elementor-element elementor-element-493485a e-con-full e-flex e-con e-child\" data-id=\"493485a\" data-element_type=\"container\" data-e-type=\"container\">\n\t\t<div class=\"elementor-element elementor-element-38bae14 e-con-full elementor-hidden-tablet elementor-hidden-mobile e-flex e-con e-child\" data-id=\"38bae14\" data-element_type=\"container\" data-e-type=\"container\">\n\t\t\t\t<\/div>\n\t\t<div class=\"elementor-element elementor-element-d521b97 e-con-full e-flex e-con e-child\" data-id=\"d521b97\" data-element_type=\"container\" data-e-type=\"container\">\n\t\t\t\t<div class=\"elementor-element elementor-element-7ca4eb3 elementor-widget__width-inherit elementor-widget elementor-widget-heading\" data-id=\"7ca4eb3\" data-element_type=\"widget\" data-e-type=\"widget\" data-widget_type=\"heading.default\">\n\t\t\t\t<div class=\"elementor-widget-container\">\n\t\t\t\t\t<h2 class=\"elementor-heading-title elementor-size-default\">Arm\u00e9e<\/h2>\t\t\t\t<\/div>\n\t\t\t\t<\/div>\n\t\t\t\t<div class=\"elementor-element elementor-element-065b9b4 elementor-widget elementor-widget-text-editor\" data-id=\"065b9b4\" data-element_type=\"widget\" data-e-type=\"widget\" data-widget_type=\"text-editor.default\">\n\t\t\t\t<div class=\"elementor-widget-container\">\n\t\t\t\t\t\t\t\t\t<div class=\"text component\">\n<div class=\"text\">\n<div class=\"text component\">\n<div class=\"text\">\n<p>Nous reconnaissons la n\u00e9cessit\u00e9 d\u2019avoir une arm\u00e9e de milice organis\u00e9e de fa\u00e7on optimale et efficace quant aux co\u00fbts. La mission et la conception de l\u2019arm\u00e9e doivent s\u2019adapter aux dangers et menaces actuels et futurs ; citons pour exemple les cyberattaques et le terrorisme, la protection d\u2019infrastructures essentielles ou des interventions subsidiaires telles que l\u2019aide aux cantons en cas de catastrophes naturelles. Les op\u00e9rations de maintien de la paix sous mandat de l&rsquo;ONU dans les conflits \u00e0 l&rsquo;\u00e9tranger font \u00e9galement partie des t\u00e2ches de l\u2019arm\u00e9e suisse. En ce qui concerne les forces a\u00e9riennes, le service de police a\u00e9rienne devrait primer sur toutes les autres t\u00e2ches. En outre, nous pr\u00e9conisons une obligation de servir g\u00e9n\u00e9ralis\u00e9e au lieu du service militaire d\u2019aujourd\u2019hui. Les femmes et les hommes doivent pouvoir choisir, en temps de paix, le domaine o\u00f9 ils d\u00e9sirent accomplir leur service (protection civile, service civil ou service militaire). Ce service obligatoire doit \u00eatre am\u00e9nag\u00e9 de sorte \u00e0 assurer une compatibilit\u00e9 optimale avec la formation, le travail et la famille.<\/p>\n<\/div>\n<\/div>\n<div class=\"newsteaser darkGreen\">\n<div class=\"title\"><\/div>\n<\/div>\n<\/div>\n<\/div>\n\t\t\t\t\t\t\t\t<\/div>\n\t\t\t\t<\/div>\n\t\t<div class=\"elementor-element elementor-element-9f8e0f1 e-con-full e-flex e-con e-child\" data-id=\"9f8e0f1\" data-element_type=\"container\" data-e-type=\"container\">\n\t\t\t\t<\/div>\n\t\t\t\t<\/div>\n\t\t\t\t<\/div>\n\t\t\t\t\t<\/div>\n\t\t\t\t<\/div>\n\t\t\t\t<\/div>\n\t\t","protected":false},"excerpt":{"rendered":"<p>Politique Politique de s\u00e9curit\u00e9 et de neutralit\u00e9 Garantir les droits fondamentaux et la s\u00e9curit\u00e9 La libert\u00e9 individuelle et l&rsquo;int\u00e9grit\u00e9 de chaque personne et des biens sont des valeurs fondamentales de notre soci\u00e9t\u00e9. L&rsquo;\u00c9tat a la t\u00e2che de pr\u00e9server les droits fondamentaux et notre s\u00e9curit\u00e9. S\u00e9curit\u00e9 int\u00e9rieure Les droits fondamentaux tels que la libert\u00e9 individuelle, l\u2019int\u00e9grit\u00e9 [&hellip;]<\/p>\n","protected":false},"author":15,"featured_media":0,"parent":16432,"menu_order":0,"comment_status":"closed","ping_status":"closed","template":"","meta":{"footnotes":""},"class_list":["post-25156","page","type-page","status-publish","hentry"],"_links":{"self":[{"href":"https:\/\/old.be.bi.glpch2.dev\/fr\/wp-json\/wp\/v2\/pages\/25156","targetHints":{"allow":["GET"]}}],"collection":[{"href":"https:\/\/old.be.bi.glpch2.dev\/fr\/wp-json\/wp\/v2\/pages"}],"about":[{"href":"https:\/\/old.be.bi.glpch2.dev\/fr\/wp-json\/wp\/v2\/types\/page"}],"author":[{"embeddable":true,"href":"https:\/\/old.be.bi.glpch2.dev\/fr\/wp-json\/wp\/v2\/users\/15"}],"replies":[{"embeddable":true,"href":"https:\/\/old.be.bi.glpch2.dev\/fr\/wp-json\/wp\/v2\/comments?post=25156"}],"version-history":[{"count":0,"href":"https:\/\/old.be.bi.glpch2.dev\/fr\/wp-json\/wp\/v2\/pages\/25156\/revisions"}],"up":[{"embeddable":true,"href":"https:\/\/old.be.bi.glpch2.dev\/fr\/wp-json\/wp\/v2\/pages\/16432"}],"wp:attachment":[{"href":"https:\/\/old.be.bi.glpch2.dev\/fr\/wp-json\/wp\/v2\/media?parent=25156"}],"curies":[{"name":"wp","href":"https:\/\/api.w.org\/{rel}","templated":true}]}}