{"id":25148,"date":"2025-02-27T11:31:52","date_gmt":"2025-02-27T10:31:52","guid":{"rendered":"https:\/\/old.be.bi.glpch2.dev\/?page_id=25148"},"modified":"2025-04-22T11:50:54","modified_gmt":"2025-04-22T09:50:54","slug":"sante","status":"publish","type":"page","link":"https:\/\/old.be.bi.glpch2.dev\/fr\/politique\/themes\/sante\/","title":{"rendered":"Sant\u00e9"},"content":{"rendered":"\t\t<div data-elementor-type=\"wp-page\" data-elementor-id=\"25148\" class=\"elementor elementor-25148 elementor-25147\" data-elementor-post-type=\"page\">\n\t\t\t\t<div class=\"elementor-element elementor-element-196683a2 e-con-full e-flex e-con e-parent\" data-id=\"196683a2\" data-element_type=\"container\" data-e-type=\"container\">\n\t\t<div class=\"elementor-element elementor-element-6f993978 e-con-full e-flex e-con e-child\" data-id=\"6f993978\" data-element_type=\"container\" data-e-type=\"container\" data-settings=\"{&quot;background_background&quot;:&quot;classic&quot;}\">\n\t\t\t\t<\/div>\n\t\t<div class=\"elementor-element elementor-element-6a7d1e9b e-flex e-con-boxed e-con e-child\" data-id=\"6a7d1e9b\" data-element_type=\"container\" data-e-type=\"container\">\n\t\t\t\t\t<div class=\"e-con-inner\">\n\t\t<div class=\"elementor-element elementor-element-192d2081 e-flex e-con-boxed e-con e-child\" data-id=\"192d2081\" data-element_type=\"container\" data-e-type=\"container\">\n\t\t\t\t\t<div class=\"e-con-inner\">\n\t\t\t\t<div class=\"elementor-element elementor-element-29ec204b elementor-widget elementor-widget-jet-breadcrumbs\" data-id=\"29ec204b\" data-element_type=\"widget\" data-e-type=\"widget\" data-widget_type=\"jet-breadcrumbs.default\">\n\t\t\t\t<div class=\"elementor-widget-container\">\n\t\t\t\t\t<div class=\"elementor-jet-breadcrumbs jet-blocks\">\n\t\t<div class=\"jet-breadcrumbs\">\n\t\t<div class=\"jet-breadcrumbs__content\">\n\t\t<div class=\"jet-breadcrumbs__wrap\"><div class=\"jet-breadcrumbs__item\"><a href=\"https:\/\/old.be.bi.glpch2.dev\/fr\/\" class=\"jet-breadcrumbs__item-link is-home\" rel=\"home\" title=\"\">  <\/a><\/div>\n\t\t<\/div>\n\t\t<\/div>\n\t\t<\/div><\/div>\t\t\t\t<\/div>\n\t\t\t\t<\/div>\n\t\t\t\t\t<\/div>\n\t\t\t\t<\/div>\n\t\t<div class=\"elementor-element elementor-element-203ec1ca e-con-full e-flex e-con e-child\" data-id=\"203ec1ca\" data-element_type=\"container\" data-e-type=\"container\">\n\t\t<div class=\"elementor-element elementor-element-3b8c85f6 e-con-full e-flex e-con e-child\" data-id=\"3b8c85f6\" data-element_type=\"container\" data-e-type=\"container\">\n\t\t\t\t<div class=\"elementor-element elementor-element-4b61d21f elementor-widget elementor-widget-heading\" data-id=\"4b61d21f\" data-element_type=\"widget\" data-e-type=\"widget\" data-widget_type=\"heading.default\">\n\t\t\t\t<div class=\"elementor-widget-container\">\n\t\t\t\t\t<h2 class=\"elementor-heading-title elementor-size-default\">Politique<\/h2>\t\t\t\t<\/div>\n\t\t\t\t<\/div>\n\t\t\t\t<\/div>\n\t\t<div class=\"elementor-element elementor-element-57ee2305 e-con-full e-flex e-con e-child\" data-id=\"57ee2305\" data-element_type=\"container\" data-e-type=\"container\">\n\t\t\t\t<div class=\"elementor-element elementor-element-16bffa5a elementor-widget elementor-widget-heading\" data-id=\"16bffa5a\" data-element_type=\"widget\" data-e-type=\"widget\" data-widget_type=\"heading.default\">\n\t\t\t\t<div class=\"elementor-widget-container\">\n\t\t\t\t\t<h1 class=\"elementor-heading-title elementor-size-default\">Sant\u00e9<\/h1>\t\t\t\t<\/div>\n\t\t\t\t<\/div>\n\t\t\t\t<div class=\"elementor-element elementor-element-344f9f80 elementor-hidden-mobile elementor-widget elementor-widget-heading\" data-id=\"344f9f80\" data-element_type=\"widget\" data-e-type=\"widget\" data-widget_type=\"heading.default\">\n\t\t\t\t<div class=\"elementor-widget-container\">\n\t\t\t\t\t<h2 class=\"elementor-heading-title elementor-size-default\">Pr\u00e9server la qualit\u00e9, r\u00e9duire les co\u00fbts<\/h2>\t\t\t\t<\/div>\n\t\t\t\t<\/div>\n\t\t\t\t<div class=\"elementor-element elementor-element-46b01c0a elementor-widget elementor-widget-spacer\" data-id=\"46b01c0a\" data-element_type=\"widget\" data-e-type=\"widget\" data-widget_type=\"spacer.default\">\n\t\t\t\t<div class=\"elementor-widget-container\">\n\t\t\t\t\t\t\t<div class=\"elementor-spacer\">\n\t\t\t<div class=\"elementor-spacer-inner\"><\/div>\n\t\t<\/div>\n\t\t\t\t\t\t<\/div>\n\t\t\t\t<\/div>\n\t\t\t\t<div class=\"elementor-element elementor-element-2ffd7c98 elementor-widget elementor-widget-text-editor\" data-id=\"2ffd7c98\" data-element_type=\"widget\" data-e-type=\"widget\" data-widget_type=\"text-editor.default\">\n\t\t\t\t<div class=\"elementor-widget-container\">\n\t\t\t\t\t\t\t\t\t<div class=\"intro composed\">\n<div class=\"lead\">\n<div class=\"intro composed\">\n<div class=\"lead\">\n<div class=\"intro composed\">\n<div class=\"lead\">Nous voulons un syst\u00e8me de sant\u00e9 qui garantisse les soins de toute la population et soutienne en m\u00eame temps la responsabilit\u00e9 individuelle et la pr\u00e9vention. Nous soutenons le principe d\u2019un syst\u00e8me de caisses maladie bas\u00e9 sur la libert\u00e9 de choix et la concurrence. Il faut \u00e9liminer les incitations biais\u00e9es du syst\u00e8me actuel.<\/div>\n<\/div>\n<div class=\"main\">\n<div class=\"text component\">\n<div class=\"text\"><\/div>\n<\/div>\n<\/div>\n<\/div>\n<\/div>\n<\/div>\n<\/div>\n\t\t\t\t\t\t\t\t<\/div>\n\t\t\t\t<\/div>\n\t\t\t\t<\/div>\n\t\t\t\t<\/div>\n\t\t\t\t\t<\/div>\n\t\t\t\t<\/div>\n\t\t\t\t<\/div>\n\t\t<div class=\"elementor-element elementor-element-2636cd49 e-flex e-con-boxed e-con e-parent\" data-id=\"2636cd49\" data-element_type=\"container\" data-e-type=\"container\">\n\t\t\t\t\t<div class=\"e-con-inner\">\n\t\t<div class=\"elementor-element elementor-element-63264995 e-con-full e-flex e-con e-child\" data-id=\"63264995\" data-element_type=\"container\" data-e-type=\"container\">\n\t\t<div class=\"elementor-element elementor-element-40a4c2ad e-con-full elementor-hidden-tablet elementor-hidden-mobile e-flex e-con e-child\" data-id=\"40a4c2ad\" data-element_type=\"container\" data-e-type=\"container\">\n\t\t\t\t<\/div>\n\t\t<div class=\"elementor-element elementor-element-57cea8fb e-con-full e-flex e-con e-child\" data-id=\"57cea8fb\" data-element_type=\"container\" data-e-type=\"container\">\n\t\t\t\t<div class=\"elementor-element elementor-element-31554fa2 elementor-widget__width-inherit elementor-widget elementor-widget-heading\" data-id=\"31554fa2\" data-element_type=\"widget\" data-e-type=\"widget\" data-widget_type=\"heading.default\">\n\t\t\t\t<div class=\"elementor-widget-container\">\n\t\t\t\t\t<h2 class=\"elementor-heading-title elementor-size-default\">Sant\u00e9<\/h2>\t\t\t\t<\/div>\n\t\t\t\t<\/div>\n\t\t\t\t<div class=\"elementor-element elementor-element-5fb2d3e2 elementor-widget elementor-widget-text-editor\" data-id=\"5fb2d3e2\" data-element_type=\"widget\" data-e-type=\"widget\" data-widget_type=\"text-editor.default\">\n\t\t\t\t<div class=\"elementor-widget-container\">\n\t\t\t\t\t\t\t\t\t<p>Notre syst\u00e8me de sant\u00e9 doit prendre en charge toute la population, tout en promouvant la responsabilit\u00e9 individuelle et la pr\u00e9vention. Nous soutenons le principe d\u2019un syst\u00e8me de caisses maladie bas\u00e9 sur la libert\u00e9 de choix et la concurrence. Il faut \u00e9liminer les incitations biais\u00e9es du syst\u00e8me actuel. Une compensation efficace des risques entre les assureurs ainsi qu\u2019une remise en cause de l\u2019obligation de contracter entre les assureurs et les fournisseurs de prestations s\u2019imposent. Nous observons avec inqui\u00e9tude l\u2019augmentation constante des co\u00fbts de la sant\u00e9. Les raisons principales en sont le vieillissement d\u00e9mographique, la multiplication des m\u00e9thodes de traitement, la concentration des m\u00e9decins en ville, une planification hospitali\u00e8re parfois inefficace ainsi que les prix des m\u00e9dicaments. Une centralisation de certaines prestations de la m\u00e9decine de pointe permettrait de mieux ma\u00eetriser les d\u00e9penses de sant\u00e9. Nous soutenons donc un syst\u00e8me de sant\u00e9 intercantonal coordonn\u00e9.<\/p>\n<p>Les droits des patients doivent \u00eatre renforc\u00e9s et les patients mieux inform\u00e9s de leurs droits. La confrontation avec la maladie et la mort doit \u00eatre abord\u00e9e sans tabou. Les directives anticip\u00e9es devraient permettre de r\u00e9duire les mesures discutables et co\u00fbteuses de prolongement de la vie. La m\u00e9decine conventionnelle et les m\u00e9decines compl\u00e9mentaires sont \u00e0 traiter sur pied d\u2019\u00e9galit\u00e9. Le transfert des donn\u00e9es m\u00e9dicales n\u00e9cessaires dans l\u2019int\u00e9r\u00eat des patients doit respecter \u00e0 tout moment le principe de la protection des donn\u00e9es.<\/p>\n\t\t\t\t\t\t\t\t<\/div>\n\t\t\t\t<\/div>\n\t\t\t\t<\/div>\n\t\t\t\t<\/div>\n\t\t\t\t\t<\/div>\n\t\t\t\t<\/div>\n\t\t<div class=\"elementor-element elementor-element-127a2d0 e-flex e-con-boxed e-con e-parent\" data-id=\"127a2d0\" data-element_type=\"container\" data-e-type=\"container\">\n\t\t\t\t\t<div class=\"e-con-inner\">\n\t\t<div class=\"elementor-element elementor-element-493485a e-con-full e-flex e-con e-child\" data-id=\"493485a\" data-element_type=\"container\" data-e-type=\"container\">\n\t\t<div class=\"elementor-element elementor-element-38bae14 e-con-full elementor-hidden-tablet elementor-hidden-mobile e-flex e-con e-child\" data-id=\"38bae14\" data-element_type=\"container\" data-e-type=\"container\">\n\t\t\t\t<\/div>\n\t\t<div class=\"elementor-element elementor-element-d521b97 e-con-full e-flex e-con e-child\" data-id=\"d521b97\" data-element_type=\"container\" data-e-type=\"container\">\n\t\t\t\t<div class=\"elementor-element elementor-element-7ca4eb3 elementor-widget__width-inherit elementor-widget elementor-widget-heading\" data-id=\"7ca4eb3\" data-element_type=\"widget\" data-e-type=\"widget\" data-widget_type=\"heading.default\">\n\t\t\t\t<div class=\"elementor-widget-container\">\n\t\t\t\t\t<h2 class=\"elementor-heading-title elementor-size-default\">Politique en mati\u00e8re de drogue<\/h2>\t\t\t\t<\/div>\n\t\t\t\t<\/div>\n\t\t\t\t<div class=\"elementor-element elementor-element-065b9b4 elementor-widget elementor-widget-text-editor\" data-id=\"065b9b4\" data-element_type=\"widget\" data-e-type=\"widget\" data-widget_type=\"text-editor.default\">\n\t\t\t\t<div class=\"elementor-widget-container\">\n\t\t\t\t\t\t\t\t\t<div class=\"text component\">\n<div class=\"text\">\n<p>En mati\u00e8re de politique \u00e0 l\u2019\u00e9gard des drogues, nous soutenons la politique \u00e9prouv\u00e9e des quatre piliers, laquelle repose sur la pr\u00e9vention, le traitement, la r\u00e9duction des risques et la r\u00e9pression. L&rsquo;objectif premier est de dissuader les individus de tomber dans la d\u00e9pendance. Des soins de qualit\u00e9 et des journ\u00e9es bien r\u00e9gl\u00e9es devraient inciter, si possible, les toxicomanes \u00e0 sortir de la d\u00e9pendance. Nous voulons combattre rigoureusement le trafic des drogues ill\u00e9gales. En revanche, la r\u00e9pression ne s\u2019av\u00e9rant pas efficace face aux toxicomanes, il vaudrait mieux l\u00e9galiser les drogues douces comme le cannabis, et les imposer fiscalement, comme le sont aujourd\u2019hui le tabac et l\u2019alcool, sans n\u00e9gliger la protection des mineurs.<\/p>\n<\/div>\n<\/div>\n<div class=\"newsteaser darkGreen\">\n<div class=\"title\"><\/div>\n<\/div>\n\t\t\t\t\t\t\t\t<\/div>\n\t\t\t\t<\/div>\n\t\t<div class=\"elementor-element elementor-element-9f8e0f1 e-con-full e-flex e-con e-child\" data-id=\"9f8e0f1\" data-element_type=\"container\" data-e-type=\"container\">\n\t\t\t\t<\/div>\n\t\t\t\t<\/div>\n\t\t\t\t<\/div>\n\t\t\t\t\t<\/div>\n\t\t\t\t<\/div>\n\t\t<div class=\"elementor-element elementor-element-af1e51f e-flex e-con-boxed e-con e-parent\" data-id=\"af1e51f\" data-element_type=\"container\" data-e-type=\"container\">\n\t\t\t\t\t<div class=\"e-con-inner\">\n\t\t<div class=\"elementor-element elementor-element-ac5ed8e e-con-full e-flex e-con e-child\" data-id=\"ac5ed8e\" data-element_type=\"container\" data-e-type=\"container\">\n\t\t<div class=\"elementor-element elementor-element-993ae13 e-con-full elementor-hidden-tablet elementor-hidden-mobile e-flex e-con e-child\" data-id=\"993ae13\" data-element_type=\"container\" data-e-type=\"container\">\n\t\t\t\t<\/div>\n\t\t<div class=\"elementor-element elementor-element-e24f1ba e-con-full e-flex e-con e-child\" data-id=\"e24f1ba\" data-element_type=\"container\" data-e-type=\"container\">\n\t\t\t\t<div class=\"elementor-element elementor-element-f15f731 elementor-widget__width-inherit elementor-widget elementor-widget-heading\" data-id=\"f15f731\" data-element_type=\"widget\" data-e-type=\"widget\" data-widget_type=\"heading.default\">\n\t\t\t\t<div class=\"elementor-widget-container\">\n\t\t\t\t\t<h2 class=\"elementor-heading-title elementor-size-default\">Principaux \u00e9l\u00e9ments de la politique de sant\u00e9 des Vert'lib\u00e9raux<\/h2>\t\t\t\t<\/div>\n\t\t\t\t<\/div>\n\t\t\t\t<div class=\"elementor-element elementor-element-d793987 elementor-widget__width-inherit elementor-widget elementor-widget-spacer\" data-id=\"d793987\" data-element_type=\"widget\" data-e-type=\"widget\" data-widget_type=\"spacer.default\">\n\t\t\t\t<div class=\"elementor-widget-container\">\n\t\t\t\t\t\t\t<div class=\"elementor-spacer\">\n\t\t\t<div class=\"elementor-spacer-inner\"><\/div>\n\t\t<\/div>\n\t\t\t\t\t\t<\/div>\n\t\t\t\t<\/div>\n\t\t<div class=\"elementor-element elementor-element-2cf24fc e-con-full e-flex e-con e-child\" data-id=\"2cf24fc\" data-element_type=\"container\" data-e-type=\"container\">\n\t\t\t\t<div class=\"elementor-element elementor-element-d6694c5 elementor-mobile-align-justify elementor-align-justify elementor-widget elementor-widget-button\" data-id=\"d6694c5\" data-element_type=\"widget\" data-e-type=\"widget\" data-widget_type=\"button.default\">\n\t\t\t\t<div class=\"elementor-widget-container\">\n\t\t\t\t\t\t\t\t\t<div class=\"elementor-button-wrapper\">\n\t\t\t\t\t<a class=\"elementor-button elementor-button-link elementor-size-sm\" href=\"https:\/\/old.be.bi.glpch2.dev\/fr\/diskussionspapier-gesundheitspolitik-2\/\" target=\"_blank\">\n\t\t\t\t\t\t<span class=\"elementor-button-content-wrapper\">\n\t\t\t\t\t\t\t\t\t<span class=\"elementor-button-text\">Document de discussion sur la politique de sant\u00e9 (en allemand)<\/span>\n\t\t\t\t\t<\/span>\n\t\t\t\t\t<\/a>\n\t\t\t\t<\/div>\n\t\t\t\t\t\t\t\t<\/div>\n\t\t\t\t<\/div>\n\t\t\t\t<\/div>\n\t\t\t\t<\/div>\n\t\t\t\t<\/div>\n\t\t\t\t\t<\/div>\n\t\t\t\t<\/div>\n\t\t\t\t<\/div>\n\t\t","protected":false},"excerpt":{"rendered":"<p>Politique Sant\u00e9 Pr\u00e9server la qualit\u00e9, r\u00e9duire les co\u00fbts Nous voulons un syst\u00e8me de sant\u00e9 qui garantisse les soins de toute la population et soutienne en m\u00eame temps la responsabilit\u00e9 individuelle et la pr\u00e9vention. Nous soutenons le principe d\u2019un syst\u00e8me de caisses maladie bas\u00e9 sur la libert\u00e9 de choix et la concurrence. Il faut \u00e9liminer les [&hellip;]<\/p>\n","protected":false},"author":15,"featured_media":0,"parent":16432,"menu_order":0,"comment_status":"closed","ping_status":"closed","template":"","meta":{"footnotes":""},"class_list":["post-25148","page","type-page","status-publish","hentry"],"_links":{"self":[{"href":"https:\/\/old.be.bi.glpch2.dev\/fr\/wp-json\/wp\/v2\/pages\/25148","targetHints":{"allow":["GET"]}}],"collection":[{"href":"https:\/\/old.be.bi.glpch2.dev\/fr\/wp-json\/wp\/v2\/pages"}],"about":[{"href":"https:\/\/old.be.bi.glpch2.dev\/fr\/wp-json\/wp\/v2\/types\/page"}],"author":[{"embeddable":true,"href":"https:\/\/old.be.bi.glpch2.dev\/fr\/wp-json\/wp\/v2\/users\/15"}],"replies":[{"embeddable":true,"href":"https:\/\/old.be.bi.glpch2.dev\/fr\/wp-json\/wp\/v2\/comments?post=25148"}],"version-history":[{"count":0,"href":"https:\/\/old.be.bi.glpch2.dev\/fr\/wp-json\/wp\/v2\/pages\/25148\/revisions"}],"up":[{"embeddable":true,"href":"https:\/\/old.be.bi.glpch2.dev\/fr\/wp-json\/wp\/v2\/pages\/16432"}],"wp:attachment":[{"href":"https:\/\/old.be.bi.glpch2.dev\/fr\/wp-json\/wp\/v2\/media?parent=25148"}],"curies":[{"name":"wp","href":"https:\/\/api.w.org\/{rel}","templated":true}]}}