{"id":25144,"date":"2025-02-27T11:25:58","date_gmt":"2025-02-27T10:25:58","guid":{"rendered":"https:\/\/old.be.bi.glpch2.dev\/?page_id=25144"},"modified":"2025-04-22T11:51:56","modified_gmt":"2025-04-22T09:51:56","slug":"migration-integration","status":"publish","type":"page","link":"https:\/\/old.be.bi.glpch2.dev\/fr\/politique\/themes\/migration-integration\/","title":{"rendered":"Migration &#038; int\u00e9gration"},"content":{"rendered":"\t\t<div data-elementor-type=\"wp-page\" data-elementor-id=\"25144\" class=\"elementor elementor-25144 elementor-25143\" data-elementor-post-type=\"page\">\n\t\t\t\t<div class=\"elementor-element elementor-element-196683a2 e-con-full e-flex e-con e-parent\" data-id=\"196683a2\" data-element_type=\"container\" data-e-type=\"container\">\n\t\t<div class=\"elementor-element elementor-element-6f993978 e-con-full e-flex e-con e-child\" data-id=\"6f993978\" data-element_type=\"container\" data-e-type=\"container\" data-settings=\"{&quot;background_background&quot;:&quot;classic&quot;}\">\n\t\t\t\t<\/div>\n\t\t<div class=\"elementor-element elementor-element-6a7d1e9b e-flex e-con-boxed e-con e-child\" data-id=\"6a7d1e9b\" data-element_type=\"container\" data-e-type=\"container\">\n\t\t\t\t\t<div class=\"e-con-inner\">\n\t\t<div class=\"elementor-element elementor-element-192d2081 e-flex e-con-boxed e-con e-child\" data-id=\"192d2081\" data-element_type=\"container\" data-e-type=\"container\">\n\t\t\t\t\t<div class=\"e-con-inner\">\n\t\t\t\t<div class=\"elementor-element elementor-element-29ec204b elementor-widget elementor-widget-jet-breadcrumbs\" data-id=\"29ec204b\" data-element_type=\"widget\" data-e-type=\"widget\" data-widget_type=\"jet-breadcrumbs.default\">\n\t\t\t\t<div class=\"elementor-widget-container\">\n\t\t\t\t\t<div class=\"elementor-jet-breadcrumbs jet-blocks\">\n\t\t<div class=\"jet-breadcrumbs\">\n\t\t<div class=\"jet-breadcrumbs__content\">\n\t\t<div class=\"jet-breadcrumbs__wrap\"><div class=\"jet-breadcrumbs__item\"><a href=\"https:\/\/old.be.bi.glpch2.dev\/fr\/\" class=\"jet-breadcrumbs__item-link is-home\" rel=\"home\" title=\"\">  <\/a><\/div>\n\t\t<\/div>\n\t\t<\/div>\n\t\t<\/div><\/div>\t\t\t\t<\/div>\n\t\t\t\t<\/div>\n\t\t\t\t\t<\/div>\n\t\t\t\t<\/div>\n\t\t<div class=\"elementor-element elementor-element-203ec1ca e-con-full e-flex e-con e-child\" data-id=\"203ec1ca\" data-element_type=\"container\" data-e-type=\"container\">\n\t\t<div class=\"elementor-element elementor-element-3b8c85f6 e-con-full e-flex e-con e-child\" data-id=\"3b8c85f6\" data-element_type=\"container\" data-e-type=\"container\">\n\t\t\t\t<div class=\"elementor-element elementor-element-4b61d21f elementor-widget elementor-widget-heading\" data-id=\"4b61d21f\" data-element_type=\"widget\" data-e-type=\"widget\" data-widget_type=\"heading.default\">\n\t\t\t\t<div class=\"elementor-widget-container\">\n\t\t\t\t\t<h2 class=\"elementor-heading-title elementor-size-default\">Politique<\/h2>\t\t\t\t<\/div>\n\t\t\t\t<\/div>\n\t\t\t\t<\/div>\n\t\t<div class=\"elementor-element elementor-element-57ee2305 e-con-full e-flex e-con e-child\" data-id=\"57ee2305\" data-element_type=\"container\" data-e-type=\"container\">\n\t\t\t\t<div class=\"elementor-element elementor-element-16bffa5a elementor-widget elementor-widget-heading\" data-id=\"16bffa5a\" data-element_type=\"widget\" data-e-type=\"widget\" data-widget_type=\"heading.default\">\n\t\t\t\t<div class=\"elementor-widget-container\">\n\t\t\t\t\t<h1 class=\"elementor-heading-title elementor-size-default\">Migration &amp; int\u00e9gration<\/h1>\t\t\t\t<\/div>\n\t\t\t\t<\/div>\n\t\t\t\t<div class=\"elementor-element elementor-element-344f9f80 elementor-hidden-mobile elementor-widget elementor-widget-heading\" data-id=\"344f9f80\" data-element_type=\"widget\" data-e-type=\"widget\" data-widget_type=\"heading.default\">\n\t\t\t\t<div class=\"elementor-widget-container\">\n\t\t\t\t\t<h2 class=\"elementor-heading-title elementor-size-default\">Pr\u00e9server notre tradition humanitaire<\/h2>\t\t\t\t<\/div>\n\t\t\t\t<\/div>\n\t\t\t\t<div class=\"elementor-element elementor-element-46b01c0a elementor-widget elementor-widget-spacer\" data-id=\"46b01c0a\" data-element_type=\"widget\" data-e-type=\"widget\" data-widget_type=\"spacer.default\">\n\t\t\t\t<div class=\"elementor-widget-container\">\n\t\t\t\t\t\t\t<div class=\"elementor-spacer\">\n\t\t\t<div class=\"elementor-spacer-inner\"><\/div>\n\t\t<\/div>\n\t\t\t\t\t\t<\/div>\n\t\t\t\t<\/div>\n\t\t\t\t<div class=\"elementor-element elementor-element-2ffd7c98 elementor-widget elementor-widget-text-editor\" data-id=\"2ffd7c98\" data-element_type=\"widget\" data-e-type=\"widget\" data-widget_type=\"text-editor.default\">\n\t\t\t\t<div class=\"elementor-widget-container\">\n\t\t\t\t\t\t\t\t\t<div class=\"intro composed\">\n<div class=\"lead\">\n<div class=\"intro composed\">\n<div class=\"lead\">\n<div class=\"intro composed\">\n<div class=\"lead\">Notre pays doit continuer \u00e0 offrir un refuge s\u00fbr pour les personnes pers\u00e9cut\u00e9es. Afin d\u2019assurer ce droit, les proc\u00e9dures d\u2019asile doivent \u00eatre rapides et les abus combattus \u00e9nergiquement.<\/div>\n<\/div>\n<div class=\"main\">\n<div class=\"text component\">\n<div class=\"text\">\n<p><strong>La migration est un atout<\/strong><\/p>\n<p>Nous sommes convaincus que notre \u00e9conomie et notre soci\u00e9t\u00e9 ont b\u00e9n\u00e9fici\u00e9 de la migration durant ces derni\u00e8res d\u00e9cennies et continueront \u00e0 le faire. De m\u00eame, l\u2019acc\u00e8s aux march\u00e9s de l\u2019emploi \u00e0 l\u2019\u00e9tranger s\u2019av\u00e8re \u00eatre un enrichissement pour les Suissesses et Suisses. Si des personnes d\u00e9sirent s\u2019\u00e9tablir en Suisse, elles doivent affirmer leur volont\u00e9 de s\u2019int\u00e9grer. Dans ce domaine aussi, le principe de la responsabilit\u00e9 individuelle s\u2019applique. Cependant, l\u2019Etat doit soutenir l\u2019int\u00e9gration, par exemple par le biais de cours de langue.<\/p>\n<p>&nbsp;<\/p>\n<p><strong>L&rsquo;acquisition de la nationalit\u00e9 suisse doit d\u00e9pendre surtout du degr\u00e9 d&rsquo;int\u00e9gration<\/strong><\/p>\n<p>Apr\u00e8s s\u2019\u00eatre int\u00e9gr\u00e9s avec succ\u00e8s dans notre soci\u00e9t\u00e9, les migrants doivent pouvoir acqu\u00e9rir la nationalit\u00e9 suisse. L\u2019octroi de la citoyennet\u00e9 doit reposer sur des crit\u00e8res clairs d\u00e9montrant l\u2019int\u00e9gration, en particulier les connaissances linguistiques, et non sur la simple dur\u00e9e de s\u00e9jour en Suisse. L\u2019octroi de la nationalit\u00e9 suisse ne doit pas \u00e9chouer en raison d\u2019exigences administratives trop \u00e9lev\u00e9es.<\/p>\n<p>&nbsp;<\/p>\n<p><strong>Pr\u00e9server notre tradition humanitaire<\/strong><\/p>\n<p>Nous voulons pr\u00e9server la tradition humanitaire de la Suisse. Notre pays doit continuer \u00e0 offrir un refuge s\u00fbr pour les personnes pers\u00e9cut\u00e9es. Afin d\u2019assurer ce droit, les proc\u00e9dures d\u2019asile doivent \u00eatre rapides et les abus combattus \u00e9nergiquement.<\/p>\n<\/div>\n<\/div>\n<\/div>\n<\/div>\n<\/div>\n<\/div>\n<\/div>\n\t\t\t\t\t\t\t\t<\/div>\n\t\t\t\t<\/div>\n\t\t\t\t<\/div>\n\t\t\t\t<\/div>\n\t\t\t\t\t<\/div>\n\t\t\t\t<\/div>\n\t\t\t\t<\/div>\n\t\t\t\t<\/div>\n\t\t","protected":false},"excerpt":{"rendered":"<p>Politique Migration &amp; int\u00e9gration Pr\u00e9server notre tradition humanitaire Notre pays doit continuer \u00e0 offrir un refuge s\u00fbr pour les personnes pers\u00e9cut\u00e9es. Afin d\u2019assurer ce droit, les proc\u00e9dures d\u2019asile doivent \u00eatre rapides et les abus combattus \u00e9nergiquement. La migration est un atout Nous sommes convaincus que notre \u00e9conomie et notre soci\u00e9t\u00e9 ont b\u00e9n\u00e9fici\u00e9 de la migration [&hellip;]<\/p>\n","protected":false},"author":15,"featured_media":0,"parent":16432,"menu_order":0,"comment_status":"closed","ping_status":"closed","template":"","meta":{"footnotes":""},"class_list":["post-25144","page","type-page","status-publish","hentry"],"_links":{"self":[{"href":"https:\/\/old.be.bi.glpch2.dev\/fr\/wp-json\/wp\/v2\/pages\/25144","targetHints":{"allow":["GET"]}}],"collection":[{"href":"https:\/\/old.be.bi.glpch2.dev\/fr\/wp-json\/wp\/v2\/pages"}],"about":[{"href":"https:\/\/old.be.bi.glpch2.dev\/fr\/wp-json\/wp\/v2\/types\/page"}],"author":[{"embeddable":true,"href":"https:\/\/old.be.bi.glpch2.dev\/fr\/wp-json\/wp\/v2\/users\/15"}],"replies":[{"embeddable":true,"href":"https:\/\/old.be.bi.glpch2.dev\/fr\/wp-json\/wp\/v2\/comments?post=25144"}],"version-history":[{"count":0,"href":"https:\/\/old.be.bi.glpch2.dev\/fr\/wp-json\/wp\/v2\/pages\/25144\/revisions"}],"up":[{"embeddable":true,"href":"https:\/\/old.be.bi.glpch2.dev\/fr\/wp-json\/wp\/v2\/pages\/16432"}],"wp:attachment":[{"href":"https:\/\/old.be.bi.glpch2.dev\/fr\/wp-json\/wp\/v2\/media?parent=25144"}],"curies":[{"name":"wp","href":"https:\/\/api.w.org\/{rel}","templated":true}]}}