{"id":25118,"date":"2025-02-27T10:40:23","date_gmt":"2025-02-27T09:40:23","guid":{"rendered":"https:\/\/old.be.bi.glpch2.dev\/?page_id=25118"},"modified":"2025-04-22T11:50:02","modified_gmt":"2025-04-22T09:50:02","slug":"economie-finances","status":"publish","type":"page","link":"https:\/\/old.be.bi.glpch2.dev\/fr\/politique\/themes\/economie-finances\/","title":{"rendered":"\u00c9conomie &#038; finances"},"content":{"rendered":"\t\t<div data-elementor-type=\"wp-page\" data-elementor-id=\"25118\" class=\"elementor elementor-25118 elementor-25117\" data-elementor-post-type=\"page\">\n\t\t\t\t<div class=\"elementor-element elementor-element-196683a2 e-con-full e-flex e-con e-parent\" data-id=\"196683a2\" data-element_type=\"container\" data-e-type=\"container\">\n\t\t<div class=\"elementor-element elementor-element-6f993978 e-con-full e-flex e-con e-child\" data-id=\"6f993978\" data-element_type=\"container\" data-e-type=\"container\" data-settings=\"{&quot;background_background&quot;:&quot;classic&quot;}\">\n\t\t\t\t<\/div>\n\t\t<div class=\"elementor-element elementor-element-6a7d1e9b e-flex e-con-boxed e-con e-child\" data-id=\"6a7d1e9b\" data-element_type=\"container\" data-e-type=\"container\">\n\t\t\t\t\t<div class=\"e-con-inner\">\n\t\t<div class=\"elementor-element elementor-element-192d2081 e-flex e-con-boxed e-con e-child\" data-id=\"192d2081\" data-element_type=\"container\" data-e-type=\"container\">\n\t\t\t\t\t<div class=\"e-con-inner\">\n\t\t\t\t<div class=\"elementor-element elementor-element-29ec204b elementor-widget elementor-widget-jet-breadcrumbs\" data-id=\"29ec204b\" data-element_type=\"widget\" data-e-type=\"widget\" data-widget_type=\"jet-breadcrumbs.default\">\n\t\t\t\t<div class=\"elementor-widget-container\">\n\t\t\t\t\t<div class=\"elementor-jet-breadcrumbs jet-blocks\">\n\t\t<div class=\"jet-breadcrumbs\">\n\t\t<div class=\"jet-breadcrumbs__content\">\n\t\t<div class=\"jet-breadcrumbs__wrap\"><div class=\"jet-breadcrumbs__item\"><a href=\"https:\/\/old.be.bi.glpch2.dev\/fr\/\" class=\"jet-breadcrumbs__item-link is-home\" rel=\"home\" title=\"\">  <\/a><\/div>\n\t\t<\/div>\n\t\t<\/div>\n\t\t<\/div><\/div>\t\t\t\t<\/div>\n\t\t\t\t<\/div>\n\t\t\t\t\t<\/div>\n\t\t\t\t<\/div>\n\t\t<div class=\"elementor-element elementor-element-203ec1ca e-con-full e-flex e-con e-child\" data-id=\"203ec1ca\" data-element_type=\"container\" data-e-type=\"container\">\n\t\t<div class=\"elementor-element elementor-element-3b8c85f6 e-con-full e-flex e-con e-child\" data-id=\"3b8c85f6\" data-element_type=\"container\" data-e-type=\"container\">\n\t\t\t\t<div class=\"elementor-element elementor-element-4b61d21f elementor-widget elementor-widget-heading\" data-id=\"4b61d21f\" data-element_type=\"widget\" data-e-type=\"widget\" data-widget_type=\"heading.default\">\n\t\t\t\t<div class=\"elementor-widget-container\">\n\t\t\t\t\t<h2 class=\"elementor-heading-title elementor-size-default\">Politique<\/h2>\t\t\t\t<\/div>\n\t\t\t\t<\/div>\n\t\t\t\t<\/div>\n\t\t<div class=\"elementor-element elementor-element-57ee2305 e-con-full e-flex e-con e-child\" data-id=\"57ee2305\" data-element_type=\"container\" data-e-type=\"container\">\n\t\t\t\t<div class=\"elementor-element elementor-element-16bffa5a elementor-widget elementor-widget-heading\" data-id=\"16bffa5a\" data-element_type=\"widget\" data-e-type=\"widget\" data-widget_type=\"heading.default\">\n\t\t\t\t<div class=\"elementor-widget-container\">\n\t\t\t\t\t<h1 class=\"elementor-heading-title elementor-size-default\">\u00c9conomie &amp; finances<\/h1>\t\t\t\t<\/div>\n\t\t\t\t<\/div>\n\t\t\t\t<div class=\"elementor-element elementor-element-344f9f80 elementor-hidden-mobile elementor-widget elementor-widget-heading\" data-id=\"344f9f80\" data-element_type=\"widget\" data-e-type=\"widget\" data-widget_type=\"heading.default\">\n\t\t\t\t<div class=\"elementor-widget-container\">\n\t\t\t\t\t<h2 class=\"elementor-heading-title elementor-size-default\">Notre \u00e9conomie lib\u00e9rale est un avantage local<\/h2>\t\t\t\t<\/div>\n\t\t\t\t<\/div>\n\t\t\t\t<div class=\"elementor-element elementor-element-46b01c0a elementor-widget elementor-widget-spacer\" data-id=\"46b01c0a\" data-element_type=\"widget\" data-e-type=\"widget\" data-widget_type=\"spacer.default\">\n\t\t\t\t<div class=\"elementor-widget-container\">\n\t\t\t\t\t\t\t<div class=\"elementor-spacer\">\n\t\t\t<div class=\"elementor-spacer-inner\"><\/div>\n\t\t<\/div>\n\t\t\t\t\t\t<\/div>\n\t\t\t\t<\/div>\n\t\t\t\t<div class=\"elementor-element elementor-element-2ffd7c98 elementor-widget elementor-widget-text-editor\" data-id=\"2ffd7c98\" data-element_type=\"widget\" data-e-type=\"widget\" data-widget_type=\"text-editor.default\">\n\t\t\t\t<div class=\"elementor-widget-container\">\n\t\t\t\t\t\t\t\t\t<div class=\"intro composed\">\n<div class=\"lead\">\n<div class=\"intro composed\">\n<div class=\"lead\">\n<div class=\"intro composed\">\n<div class=\"lead\">L&rsquo;\u00c9tat ne devrait pas imposer des restrictions inutiles \u00e0 nos entreprises et laisser jouer les march\u00e9s qui fonctionnent correctement. Cela exige une saine concurrence qui renonce \u00e0 des cartels, l&rsquo;isolationnisme et des privil\u00e8ges.<\/div>\n<\/div>\n<div class=\"main\">\n<div class=\"text component\">\n<div class=\"text\"><\/div>\n<\/div>\n<\/div>\n<\/div>\n<\/div>\n<\/div>\n<\/div>\n\t\t\t\t\t\t\t\t<\/div>\n\t\t\t\t<\/div>\n\t\t\t\t<\/div>\n\t\t\t\t<\/div>\n\t\t\t\t\t<\/div>\n\t\t\t\t<\/div>\n\t\t\t\t<\/div>\n\t\t<div class=\"elementor-element elementor-element-2636cd49 e-flex e-con-boxed e-con e-parent\" data-id=\"2636cd49\" data-element_type=\"container\" data-e-type=\"container\">\n\t\t\t\t\t<div class=\"e-con-inner\">\n\t\t<div class=\"elementor-element elementor-element-63264995 e-con-full e-flex e-con e-child\" data-id=\"63264995\" data-element_type=\"container\" data-e-type=\"container\">\n\t\t<div class=\"elementor-element elementor-element-40a4c2ad e-con-full elementor-hidden-tablet elementor-hidden-mobile e-flex e-con e-child\" data-id=\"40a4c2ad\" data-element_type=\"container\" data-e-type=\"container\">\n\t\t\t\t<\/div>\n\t\t<div class=\"elementor-element elementor-element-57cea8fb e-con-full e-flex e-con e-child\" data-id=\"57cea8fb\" data-element_type=\"container\" data-e-type=\"container\">\n\t\t\t\t<div class=\"elementor-element elementor-element-31554fa2 elementor-widget__width-inherit elementor-widget elementor-widget-heading\" data-id=\"31554fa2\" data-element_type=\"widget\" data-e-type=\"widget\" data-widget_type=\"heading.default\">\n\t\t\t\t<div class=\"elementor-widget-container\">\n\t\t\t\t\t<h2 class=\"elementor-heading-title elementor-size-default\">Economie de march\u00e9<\/h2>\t\t\t\t<\/div>\n\t\t\t\t<\/div>\n\t\t\t\t<div class=\"elementor-element elementor-element-5fb2d3e2 elementor-widget elementor-widget-text-editor\" data-id=\"5fb2d3e2\" data-element_type=\"widget\" data-e-type=\"widget\" data-widget_type=\"text-editor.default\">\n\t\t\t\t<div class=\"elementor-widget-container\">\n\t\t\t\t\t\t\t\t\t<p>Nous estimons qu\u2019une \u00e9conomie lib\u00e9rale et un march\u00e9 du travail flexible offrent des avantages concurrentiels de taille \u00e0 la Suisse. L\u2019Etat ne devrait imposer qu\u2019un minimum de limites \u00e0 l\u2019\u00e9conomie et faire jouer la concurrence sur des march\u00e9s qui fonctionnent bien. Les milliers de PME \u00e9tablies en Suisse repr\u00e9sentent la pierre angulaire de notre \u00e9conomie. L&rsquo;esprit d&rsquo;entreprise doit \u00eatre encourag\u00e9 activement par de bonnes conditions cadres et ne pas \u00eatre inutilement brid\u00e9 par trop de bureaucratie. L\u2019Etat ne doit intervenir que dans les cas pr\u00e9cis d\u2019un dysfonctionnement du march\u00e9, par exemple si les responsables d\u2019\u00e9missions nocives pour l\u2019environnement n\u2019en assument pas les cons\u00e9quences. En g\u00e9n\u00e9ral, l\u2019Etat doit recourir \u00e0 des mesures incitatives conformes \u00e0 l\u2019\u00e9conomie de march\u00e9, telles qu\u2019une taxe d\u2019incitation. L\u2019Etat ne devrait qu\u2019exceptionnellement agir par le biais de prescriptions ou d\u2019interdictions. Nous attendons des entreprises et des d\u00e9cideurs \u00e9conomiques qu\u2019ils assument leurs responsabilit\u00e9s face \u00e0 la soci\u00e9t\u00e9, aux \u00eatres humains et \u00e0 l\u2019environnement tant en Suisse qu\u2019\u00e0 l\u2019\u00e9tranger. L\u2019innovation est un facteur d\u00e9cisif pour le succ\u00e8s \u00e9conomique de la Suisse ; elle doit \u00eatre soutenue de fa\u00e7on active par des incitations et la cr\u00e9ation de parcs d\u2019innovation.<\/p>\n\t\t\t\t\t\t\t\t<\/div>\n\t\t\t\t<\/div>\n\t\t\t\t<\/div>\n\t\t\t\t<\/div>\n\t\t\t\t\t<\/div>\n\t\t\t\t<\/div>\n\t\t<div class=\"elementor-element elementor-element-127a2d0 e-flex e-con-boxed e-con e-parent\" data-id=\"127a2d0\" data-element_type=\"container\" data-e-type=\"container\">\n\t\t\t\t\t<div class=\"e-con-inner\">\n\t\t<div class=\"elementor-element elementor-element-493485a e-con-full e-flex e-con e-child\" data-id=\"493485a\" data-element_type=\"container\" data-e-type=\"container\">\n\t\t<div class=\"elementor-element elementor-element-38bae14 e-con-full elementor-hidden-tablet elementor-hidden-mobile e-flex e-con e-child\" data-id=\"38bae14\" data-element_type=\"container\" data-e-type=\"container\">\n\t\t\t\t<\/div>\n\t\t<div class=\"elementor-element elementor-element-d521b97 e-con-full e-flex e-con e-child\" data-id=\"d521b97\" data-element_type=\"container\" data-e-type=\"container\">\n\t\t\t\t<div class=\"elementor-element elementor-element-7ca4eb3 elementor-widget__width-inherit elementor-widget elementor-widget-heading\" data-id=\"7ca4eb3\" data-element_type=\"widget\" data-e-type=\"widget\" data-widget_type=\"heading.default\">\n\t\t\t\t<div class=\"elementor-widget-container\">\n\t\t\t\t\t<h2 class=\"elementor-heading-title elementor-size-default\">R\u00f4le de l'Etat<\/h2>\t\t\t\t<\/div>\n\t\t\t\t<\/div>\n\t\t\t\t<div class=\"elementor-element elementor-element-065b9b4 elementor-widget elementor-widget-text-editor\" data-id=\"065b9b4\" data-element_type=\"widget\" data-e-type=\"widget\" data-widget_type=\"text-editor.default\">\n\t\t\t\t<div class=\"elementor-widget-container\">\n\t\t\t\t\t\t\t\t\t<div class=\"text component\">\n<div class=\"text\">\n<p>Nous nous engageons en faveur d\u2019un Etat de droit fort mais \u00e9conome qui se concentre sur ses t\u00e2ches essentielles, en se fondant sur la responsabilit\u00e9 de l\u2019individu et en organisant ses services comme une entreprise moderne. Les t\u00e2ches essentielles de l\u2019Etat sont la fixation des conditions cadres pour une concurrence loyale et libre, l\u2019apport de corrections n\u00e9cessaires en cas de dysfonctionnement du march\u00e9, la protection de la libert\u00e9 et de la s\u00e9curit\u00e9 individuelle, l\u2019acc\u00e8s \u00e0 la formation et aux services de sant\u00e9 ainsi que la garantie d\u2019un minimum vital pour tous les citoyennes et citoyens de notre pays se trouvant dans une situation de d\u00e9tresse. Il faut r\u00e9guli\u00e8rement examiner avec diligence si l\u2019Etat remplit ses t\u00e2ches efficacement ou si des priv\u00e9s sont \u00e0 m\u00eame de mieux accomplir ces derni\u00e8res.<\/p>\n<\/div>\n<\/div>\n\t\t\t\t\t\t\t\t<\/div>\n\t\t\t\t<\/div>\n\t\t<div class=\"elementor-element elementor-element-9f8e0f1 e-con-full e-flex e-con e-child\" data-id=\"9f8e0f1\" data-element_type=\"container\" data-e-type=\"container\">\n\t\t\t\t<\/div>\n\t\t\t\t<\/div>\n\t\t\t\t<\/div>\n\t\t\t\t\t<\/div>\n\t\t\t\t<\/div>\n\t\t\t\t<\/div>\n\t\t","protected":false},"excerpt":{"rendered":"<p>Politique \u00c9conomie &amp; finances Notre \u00e9conomie lib\u00e9rale est un avantage local L&rsquo;\u00c9tat ne devrait pas imposer des restrictions inutiles \u00e0 nos entreprises et laisser jouer les march\u00e9s qui fonctionnent correctement. Cela exige une saine concurrence qui renonce \u00e0 des cartels, l&rsquo;isolationnisme et des privil\u00e8ges. Economie de march\u00e9 Nous estimons qu\u2019une \u00e9conomie lib\u00e9rale et un march\u00e9 [&hellip;]<\/p>\n","protected":false},"author":15,"featured_media":0,"parent":16432,"menu_order":0,"comment_status":"closed","ping_status":"closed","template":"","meta":{"footnotes":""},"class_list":["post-25118","page","type-page","status-publish","hentry"],"_links":{"self":[{"href":"https:\/\/old.be.bi.glpch2.dev\/fr\/wp-json\/wp\/v2\/pages\/25118","targetHints":{"allow":["GET"]}}],"collection":[{"href":"https:\/\/old.be.bi.glpch2.dev\/fr\/wp-json\/wp\/v2\/pages"}],"about":[{"href":"https:\/\/old.be.bi.glpch2.dev\/fr\/wp-json\/wp\/v2\/types\/page"}],"author":[{"embeddable":true,"href":"https:\/\/old.be.bi.glpch2.dev\/fr\/wp-json\/wp\/v2\/users\/15"}],"replies":[{"embeddable":true,"href":"https:\/\/old.be.bi.glpch2.dev\/fr\/wp-json\/wp\/v2\/comments?post=25118"}],"version-history":[{"count":0,"href":"https:\/\/old.be.bi.glpch2.dev\/fr\/wp-json\/wp\/v2\/pages\/25118\/revisions"}],"up":[{"embeddable":true,"href":"https:\/\/old.be.bi.glpch2.dev\/fr\/wp-json\/wp\/v2\/pages\/16432"}],"wp:attachment":[{"href":"https:\/\/old.be.bi.glpch2.dev\/fr\/wp-json\/wp\/v2\/media?parent=25118"}],"curies":[{"name":"wp","href":"https:\/\/api.w.org\/{rel}","templated":true}]}}