{"id":24769,"date":"2024-12-10T14:22:55","date_gmt":"2024-12-10T13:22:55","guid":{"rendered":"https:\/\/old.be.bi.glpch2.dev\/?page_id=24769"},"modified":"2025-04-22T11:49:31","modified_gmt":"2025-04-22T09:49:31","slug":"climat-et-energie","status":"publish","type":"page","link":"https:\/\/old.be.bi.glpch2.dev\/fr\/politique\/themes\/climat-et-energie\/","title":{"rendered":"Climat et \u00e9nergie"},"content":{"rendered":"\t\t<div data-elementor-type=\"wp-page\" data-elementor-id=\"24769\" class=\"elementor elementor-24769 elementor-24768\" data-elementor-post-type=\"page\">\n\t\t\t\t<div class=\"elementor-element elementor-element-62bf200f e-con-full e-flex e-con e-parent\" data-id=\"62bf200f\" data-element_type=\"container\" data-e-type=\"container\">\n\t\t<div class=\"elementor-element elementor-element-2273fb61 e-con-full e-flex e-con e-child\" data-id=\"2273fb61\" data-element_type=\"container\" data-e-type=\"container\" data-settings=\"{&quot;background_background&quot;:&quot;classic&quot;}\">\n\t\t\t\t<\/div>\n\t\t<div class=\"elementor-element elementor-element-3745353 e-flex e-con-boxed e-con e-child\" data-id=\"3745353\" data-element_type=\"container\" data-e-type=\"container\">\n\t\t\t\t\t<div class=\"e-con-inner\">\n\t\t<div class=\"elementor-element elementor-element-34215a0 e-flex e-con-boxed e-con e-child\" data-id=\"34215a0\" data-element_type=\"container\" data-e-type=\"container\">\n\t\t\t\t\t<div class=\"e-con-inner\">\n\t\t\t\t<div class=\"elementor-element elementor-element-64d1467c elementor-widget elementor-widget-jet-breadcrumbs\" data-id=\"64d1467c\" data-element_type=\"widget\" data-e-type=\"widget\" data-widget_type=\"jet-breadcrumbs.default\">\n\t\t\t\t<div class=\"elementor-widget-container\">\n\t\t\t\t\t<div class=\"elementor-jet-breadcrumbs jet-blocks\">\n\t\t<div class=\"jet-breadcrumbs\">\n\t\t<div class=\"jet-breadcrumbs__content\">\n\t\t<div class=\"jet-breadcrumbs__wrap\"><div class=\"jet-breadcrumbs__item\"><a href=\"https:\/\/old.be.bi.glpch2.dev\/fr\/\" class=\"jet-breadcrumbs__item-link is-home\" rel=\"home\" title=\"\">  <\/a><\/div>\n\t\t<\/div>\n\t\t<\/div>\n\t\t<\/div><\/div>\t\t\t\t<\/div>\n\t\t\t\t<\/div>\n\t\t\t\t\t<\/div>\n\t\t\t\t<\/div>\n\t\t<div class=\"elementor-element elementor-element-7b207c48 e-con-full e-flex e-con e-child\" data-id=\"7b207c48\" data-element_type=\"container\" data-e-type=\"container\">\n\t\t<div class=\"elementor-element elementor-element-36f6938 e-con-full e-flex e-con e-child\" data-id=\"36f6938\" data-element_type=\"container\" data-e-type=\"container\">\n\t\t\t\t<div class=\"elementor-element elementor-element-28be8f32 elementor-widget elementor-widget-heading\" data-id=\"28be8f32\" data-element_type=\"widget\" data-e-type=\"widget\" data-widget_type=\"heading.default\">\n\t\t\t\t<div class=\"elementor-widget-container\">\n\t\t\t\t\t<h2 class=\"elementor-heading-title elementor-size-default\">Politique<\/h2>\t\t\t\t<\/div>\n\t\t\t\t<\/div>\n\t\t\t\t<\/div>\n\t\t<div class=\"elementor-element elementor-element-62421e8b e-con-full e-flex e-con e-child\" data-id=\"62421e8b\" data-element_type=\"container\" data-e-type=\"container\">\n\t\t\t\t<div class=\"elementor-element elementor-element-132015a9 elementor-widget elementor-widget-heading\" data-id=\"132015a9\" data-element_type=\"widget\" data-e-type=\"widget\" data-widget_type=\"heading.default\">\n\t\t\t\t<div class=\"elementor-widget-container\">\n\t\t\t\t\t<h1 class=\"elementor-heading-title elementor-size-default\">Sortie du nucl\u00e9aire et protection du climat<\/h1>\t\t\t\t<\/div>\n\t\t\t\t<\/div>\n\t\t\t\t<div class=\"elementor-element elementor-element-6a648371 elementor-widget elementor-widget-spacer\" data-id=\"6a648371\" data-element_type=\"widget\" data-e-type=\"widget\" data-widget_type=\"spacer.default\">\n\t\t\t\t<div class=\"elementor-widget-container\">\n\t\t\t\t\t\t\t<div class=\"elementor-spacer\">\n\t\t\t<div class=\"elementor-spacer-inner\"><\/div>\n\t\t<\/div>\n\t\t\t\t\t\t<\/div>\n\t\t\t\t<\/div>\n\t\t\t\t<div class=\"elementor-element elementor-element-50167e9e elementor-widget elementor-widget-text-editor\" data-id=\"50167e9e\" data-element_type=\"widget\" data-e-type=\"widget\" data-widget_type=\"text-editor.default\">\n\t\t\t\t<div class=\"elementor-widget-container\">\n\t\t\t\t\t\t\t\t\t<div class=\"text component\">\n<div class=\"text\">\n<div class=\"intro composed\">\n<div class=\"lead\">Afin de pr\u00e9server les moyens de notre existence, il faut prot\u00e9ger le climat et changer notre approvisionnement \u00e9nerg\u00e9tique. Il faut abandonner les technologies \u00e0 fortes \u00e9missions de CO2 ainsi que l\u2019\u00e9nergie nucl\u00e9aire et privil\u00e9gier les \u00e9nergies renouvelables. Afin d&rsquo;atteindre cet objectif, il faut que les co\u00fbts r\u00e9els soient d\u00e9clar\u00e9s et que des taxes d&rsquo;incitation soient mises en place.<\/div>\n<p><\/div>\n<p><\/div>\n<p><\/div>\n\t\t\t\t\t\t\t\t<\/div>\n\t\t\t\t<\/div>\n\t\t\t\t<\/div>\n\t\t\t\t<\/div>\n\t\t\t\t\t<\/div>\n\t\t\t\t<\/div>\n\t\t\t\t<\/div>\n\t\t<div class=\"elementor-element elementor-element-f373c81 e-flex e-con-boxed e-con e-parent\" data-id=\"f373c81\" data-element_type=\"container\" data-e-type=\"container\">\n\t\t\t\t\t<div class=\"e-con-inner\">\n\t\t<div class=\"elementor-element elementor-element-9dd57f0 e-con-full e-flex e-con e-child\" data-id=\"9dd57f0\" data-element_type=\"container\" data-e-type=\"container\">\n\t\t<div class=\"elementor-element elementor-element-358a853 e-con-full elementor-hidden-tablet elementor-hidden-mobile e-flex e-con e-child\" data-id=\"358a853\" data-element_type=\"container\" data-e-type=\"container\">\n\t\t\t\t<\/div>\n\t\t<div class=\"elementor-element elementor-element-19c79a9 e-con-full e-flex e-con e-child\" data-id=\"19c79a9\" data-element_type=\"container\" data-e-type=\"container\">\n\t\t\t\t<div class=\"elementor-element elementor-element-879a7f5 elementor-widget__width-inherit elementor-widget elementor-widget-heading\" data-id=\"879a7f5\" data-element_type=\"widget\" data-e-type=\"widget\" data-widget_type=\"heading.default\">\n\t\t\t\t<div class=\"elementor-widget-container\">\n\t\t\t\t\t<h2 class=\"elementor-heading-title elementor-size-default\">Miser sur l'efficacit\u00e9 \u00e9nerg\u00e9tique<\/h2>\t\t\t\t<\/div>\n\t\t\t\t<\/div>\n\t\t\t\t<div class=\"elementor-element elementor-element-f66332b elementor-widget elementor-widget-text-editor\" data-id=\"f66332b\" data-element_type=\"widget\" data-e-type=\"widget\" data-widget_type=\"text-editor.default\">\n\t\t\t\t<div class=\"elementor-widget-container\">\n\t\t\t\t\t\t\t\t\t<p>La consommation actuelle d&rsquo;\u00e9nergie en Suisse n&rsquo;est pas durable: nous consommons plus d&rsquo;\u00e9nergie que nous ne pouvons en produire \u00e0 base de sources renouvelables. En raison du caract\u00e8re souvent inutile de notre consommation d&rsquo;\u00e9nergie, les d\u00e9g\u00e2ts caus\u00e9s \u00e0 l&rsquo;environnement et les risques auxquels nous nous exposons sont sup\u00e9rieurs \u00e0 ce qui serait strictement n\u00e9cessaire. En outre, les importations de p\u00e9trole et de gaz (et en partie d&rsquo;uranium) nous rendent fortement d\u00e9pendants de r\u00e9gions politiquement instables.<\/p>\n\t\t\t\t\t\t\t\t<\/div>\n\t\t\t\t<\/div>\n\t\t\t\t<\/div>\n\t\t\t\t<\/div>\n\t\t\t\t\t<\/div>\n\t\t\t\t<\/div>\n\t\t<div class=\"elementor-element elementor-element-992378b e-flex e-con-boxed e-con e-parent\" data-id=\"992378b\" data-element_type=\"container\" data-e-type=\"container\">\n\t\t\t\t\t<div class=\"e-con-inner\">\n\t\t<div class=\"elementor-element elementor-element-9d9ae3f e-con-full e-flex e-con e-child\" data-id=\"9d9ae3f\" data-element_type=\"container\" data-e-type=\"container\">\n\t\t<div class=\"elementor-element elementor-element-1482c8b e-con-full elementor-hidden-tablet elementor-hidden-mobile e-flex e-con e-child\" data-id=\"1482c8b\" data-element_type=\"container\" data-e-type=\"container\">\n\t\t\t\t<\/div>\n\t\t<div class=\"elementor-element elementor-element-79b97ef e-con-full e-flex e-con e-child\" data-id=\"79b97ef\" data-element_type=\"container\" data-e-type=\"container\">\n\t\t\t\t<div class=\"elementor-element elementor-element-97a71f6 elementor-widget__width-inherit elementor-widget elementor-widget-heading\" data-id=\"97a71f6\" data-element_type=\"widget\" data-e-type=\"widget\" data-widget_type=\"heading.default\">\n\t\t\t\t<div class=\"elementor-widget-container\">\n\t\t\t\t\t<h2 class=\"elementor-heading-title elementor-size-default\">Sortir du nucl\u00e9aire, d\u00e9veloppement des \u00e9nergies renouvelables<\/h2>\t\t\t\t<\/div>\n\t\t\t\t<\/div>\n\t\t\t\t<div class=\"elementor-element elementor-element-93f0b54 elementor-widget elementor-widget-text-editor\" data-id=\"93f0b54\" data-element_type=\"widget\" data-e-type=\"widget\" data-widget_type=\"text-editor.default\">\n\t\t\t\t<div class=\"elementor-widget-container\">\n\t\t\t\t\t\t\t\t\t<p>Les d\u00e9fis du changement climatique, la rar\u00e9faction des ressources et la pollution croissante nous contraignent \u00e0 adopter des habitudes de consommation plus efficaces et de nouveaux modes de production. Chez les vert&rsquo;lib\u00e9raux, nous consid\u00e9rons clairement cette \u00e9volution comme une chance: c&rsquo;est l&rsquo;occasion pour la Suisse de se positionner comme un leader technologique dans le secteur industriel et \u00e9nerg\u00e9tique, d&rsquo;endosser un r\u00f4le de pionnier \u00e0 l&rsquo;\u00e9chelle internationale et de limiter simultan\u00e9ment les risques li\u00e9s aux modes de production actuels.<\/p>\n\t\t\t\t\t\t\t\t<\/div>\n\t\t\t\t<\/div>\n\t\t\t\t<\/div>\n\t\t\t\t<\/div>\n\t\t\t\t\t<\/div>\n\t\t\t\t<\/div>\n\t\t<div class=\"elementor-element elementor-element-559721e e-flex e-con-boxed e-con e-parent\" data-id=\"559721e\" data-element_type=\"container\" data-e-type=\"container\">\n\t\t\t\t\t<div class=\"e-con-inner\">\n\t\t<div class=\"elementor-element elementor-element-b185ba8 e-con-full e-flex e-con e-child\" data-id=\"b185ba8\" data-element_type=\"container\" data-e-type=\"container\">\n\t\t<div class=\"elementor-element elementor-element-487b851 e-con-full elementor-hidden-tablet elementor-hidden-mobile e-flex e-con e-child\" data-id=\"487b851\" data-element_type=\"container\" data-e-type=\"container\">\n\t\t\t\t<\/div>\n\t\t<div class=\"elementor-element elementor-element-dee2735 e-con-full e-flex e-con e-child\" data-id=\"dee2735\" data-element_type=\"container\" data-e-type=\"container\">\n\t\t\t\t<div class=\"elementor-element elementor-element-0af00ca elementor-widget__width-inherit elementor-widget elementor-widget-heading\" data-id=\"0af00ca\" data-element_type=\"widget\" data-e-type=\"widget\" data-widget_type=\"heading.default\">\n\t\t\t\t<div class=\"elementor-widget-container\">\n\t\t\t\t\t<h2 class=\"elementor-heading-title elementor-size-default\">Un syst\u00e8me de taxes \u00e9cologiques facilite le tournant \u00e9nerg\u00e9tique<\/h2>\t\t\t\t<\/div>\n\t\t\t\t<\/div>\n\t\t\t\t<div class=\"elementor-element elementor-element-e837611 elementor-widget elementor-widget-text-editor\" data-id=\"e837611\" data-element_type=\"widget\" data-e-type=\"widget\" data-widget_type=\"text-editor.default\">\n\t\t\t\t<div class=\"elementor-widget-container\">\n\t\t\t\t\t\t\t\t\t<p>Les vert&rsquo;lib\u00e9raux invitent tous les d\u00e9cideurs \u00e0 s&rsquo;engager en faveur de la v\u00e9rit\u00e9 sur les co\u00fbts et de la transparence: l&rsquo;ensemble du cycle de vie des produits et des formes d&rsquo;\u00e9nergie doit \u00eatre pris en compte, les informations doivent faire l&rsquo;objet d&rsquo;une transparence totale et les prix doivent refl\u00e9ter la r\u00e9alit\u00e9. Pour les vert\u2019lib\u00e9raux, cette d\u00e9marche rev\u00eat une urgence particuli\u00e8re dans le secteur du nucl\u00e9aire, qui b\u00e9n\u00e9ficie actuellement de subventions d\u00e9guis\u00e9es (probl\u00e8me non r\u00e9solu de l&rsquo;\u00e9limination des d\u00e9chets et absence d&rsquo;assurance en cas d&rsquo;incident).<\/p>\n\t\t\t\t\t\t\t\t<\/div>\n\t\t\t\t<\/div>\n\t\t\t\t<\/div>\n\t\t\t\t<\/div>\n\t\t\t\t\t<\/div>\n\t\t\t\t<\/div>\n\t\t<div class=\"elementor-element elementor-element-d1c4689 e-flex e-con-boxed e-con e-parent\" data-id=\"d1c4689\" data-element_type=\"container\" data-e-type=\"container\">\n\t\t\t\t\t<div class=\"e-con-inner\">\n\t\t<div class=\"elementor-element elementor-element-1168aeb e-con-full e-flex e-con e-child\" data-id=\"1168aeb\" data-element_type=\"container\" data-e-type=\"container\">\n\t\t<div class=\"elementor-element elementor-element-929a7d6 e-con-full elementor-hidden-tablet elementor-hidden-mobile e-flex e-con e-child\" data-id=\"929a7d6\" data-element_type=\"container\" data-e-type=\"container\">\n\t\t\t\t<\/div>\n\t\t<div class=\"elementor-element elementor-element-dfafc02 e-con-full e-flex e-con e-child\" data-id=\"dfafc02\" data-element_type=\"container\" data-e-type=\"container\">\n\t\t\t\t<div class=\"elementor-element elementor-element-94ed5a4 elementor-widget__width-inherit elementor-widget elementor-widget-heading\" data-id=\"94ed5a4\" data-element_type=\"widget\" data-e-type=\"widget\" data-widget_type=\"heading.default\">\n\t\t\t\t<div class=\"elementor-widget-container\">\n\t\t\t\t\t<h2 class=\"elementor-heading-title elementor-size-default\">Stopper les subventions en faveur du nucl\u00e9aire<\/h2>\t\t\t\t<\/div>\n\t\t\t\t<\/div>\n\t\t\t\t<div class=\"elementor-element elementor-element-e6c61c0 elementor-widget elementor-widget-text-editor\" data-id=\"e6c61c0\" data-element_type=\"widget\" data-e-type=\"widget\" data-widget_type=\"text-editor.default\">\n\t\t\t\t<div class=\"elementor-widget-container\">\n\t\t\t\t\t\t\t\t\t<div class=\"text component\">\n<div class=\"text\">\n<div class=\"text component\">\n<div class=\"text\">\n<p>Les vert&rsquo;lib\u00e9raux oeuvrent en faveur des incitations \u00e0 l&rsquo;efficacit\u00e9 \u00e9nerg\u00e9tique et des \u00e9conomies d&rsquo;\u00e9nergie, ainsi qu&rsquo;au soutien des \u00e9nergies renouvelables. Combin\u00e9es \u00e0 des normes adapt\u00e9es aux derni\u00e8res \u00e9volutions, des incitations financi\u00e8res sous forme de taxes d\u2019incitation, de syst\u00e8mes de bonus\/malus et d&rsquo;adaptations de la fiscalit\u00e9 permettent de progresser en direction d&rsquo;un approvisionnement en \u00e9nergie \u00e9cologique, \u00e9conomique et s\u00fbr. Eu \u00e9gard au caract\u00e8re limit\u00e9 des ressources, il convient de miser sur la qualit\u00e9 plut\u00f4t que sur la quantit\u00e9, tant lors de la production qu&rsquo;au moment de la consommation. Davantage de transparence et une sensibilisation accrue aux questions environnementales permettent aux consommateurs de d\u00e9cider en meilleure connaissance de cause. Les \u00e9conomies d&rsquo;\u00e9nergie doivent permettre de ne pas remplacer les capacit\u00e9s de production d&rsquo;\u00e9lectricit\u00e9 qui dispara\u00eetront progressivement dans les ann\u00e9es \u00e0 venir. Aucune nouvelle centrale nucl\u00e9aire ne sera ainsi n\u00e9cessaire. Les vert&rsquo;lib\u00e9raux d\u00e9fendent totalement le concept de la soci\u00e9t\u00e9 \u00e0 2000 watts et soutiennent toutes les mesures qu&rsquo;il implique. Comme l&rsquo;a d\u00e9montr\u00e9 l&rsquo;Office f\u00e9d\u00e9ral de l&rsquo;\u00e9nergie avec son sc\u00e9nario IV, cet objectif est r\u00e9aliste \u00e0 l&rsquo;horizon 2100, \u00e0 condition d&rsquo;y travailler d\u00e8s aujourd&rsquo;hui. Les vert&rsquo;lib\u00e9raux soutiendront les mesures n\u00e9cessaire \u00e0 tous les niveaux<\/p>\n<\/div>\n<p><\/div>\n<p><\/p>\n<div class=\"newsteaser darkGreen\">\n<div class=\"title\"><\/div>\n<p><\/div>\n<p><\/div>\n<p><\/div>\n\t\t\t\t\t\t\t\t<\/div>\n\t\t\t\t<\/div>\n\t\t\t\t<\/div>\n\t\t\t\t<\/div>\n\t\t\t\t\t<\/div>\n\t\t\t\t<\/div>\n\t\t\t\t<\/div>\n\t\t","protected":false},"excerpt":{"rendered":"<p>Politique Sortie du nucl\u00e9aire et protection du climat Afin de pr\u00e9server les moyens de notre existence, il faut prot\u00e9ger le climat et changer notre approvisionnement \u00e9nerg\u00e9tique. Il faut abandonner les technologies \u00e0 fortes \u00e9missions de CO2 ainsi que l\u2019\u00e9nergie nucl\u00e9aire et privil\u00e9gier les \u00e9nergies renouvelables. Afin d&rsquo;atteindre cet objectif, il faut que les co\u00fbts r\u00e9els [&hellip;]<\/p>\n","protected":false},"author":15,"featured_media":0,"parent":16432,"menu_order":0,"comment_status":"closed","ping_status":"closed","template":"","meta":{"footnotes":""},"class_list":["post-24769","page","type-page","status-publish","hentry"],"_links":{"self":[{"href":"https:\/\/old.be.bi.glpch2.dev\/fr\/wp-json\/wp\/v2\/pages\/24769","targetHints":{"allow":["GET"]}}],"collection":[{"href":"https:\/\/old.be.bi.glpch2.dev\/fr\/wp-json\/wp\/v2\/pages"}],"about":[{"href":"https:\/\/old.be.bi.glpch2.dev\/fr\/wp-json\/wp\/v2\/types\/page"}],"author":[{"embeddable":true,"href":"https:\/\/old.be.bi.glpch2.dev\/fr\/wp-json\/wp\/v2\/users\/15"}],"replies":[{"embeddable":true,"href":"https:\/\/old.be.bi.glpch2.dev\/fr\/wp-json\/wp\/v2\/comments?post=24769"}],"version-history":[{"count":0,"href":"https:\/\/old.be.bi.glpch2.dev\/fr\/wp-json\/wp\/v2\/pages\/24769\/revisions"}],"up":[{"embeddable":true,"href":"https:\/\/old.be.bi.glpch2.dev\/fr\/wp-json\/wp\/v2\/pages\/16432"}],"wp:attachment":[{"href":"https:\/\/old.be.bi.glpch2.dev\/fr\/wp-json\/wp\/v2\/media?parent=24769"}],"curies":[{"name":"wp","href":"https:\/\/api.w.org\/{rel}","templated":true}]}}